{"id":538,"date":"2017-11-15T09:30:53","date_gmt":"2017-11-15T09:30:53","guid":{"rendered":"http:\/\/alibericopackaging.com\/?page_id=538"},"modified":"2025-05-21T09:13:08","modified_gmt":"2025-05-21T09:13:08","slug":"contactez","status":"publish","type":"page","link":"https:\/\/alibericopackaging.com\/fr\/contactez\/","title":{"rendered":"Contactez"},"content":{"rendered":"<div id='sec1standar'  class='avia-section av-av_section-992505857a6c72ff3dc57dd415adc381 main_color avia-section-default avia-no-border-styling  avia-builder-el-0  avia-builder-el-no-sibling  avia-bg-style-scroll container_wrap sidebar_right'  ><div class='container av-section-cont-open' ><main  role=\"main\" itemprop=\"mainContentOfPage\"  class='template-page content  av-content-small alpha units'><div class='post-entry post-entry-type-page post-entry-538'><div class='entry-content-wrapper clearfix'>\n<div class='flex_column_table av-av_one_third-7075c5482eebedf7c49de2c5ec0d6381 sc-av_one_third av-equal-height-column-flextable'>\n<style type=\"text\/css\" data-created_by=\"avia_inline_auto\" id=\"style-css-av-av_one_third-7075c5482eebedf7c49de2c5ec0d6381\">\n.flex_column.av-av_one_third-7075c5482eebedf7c49de2c5ec0d6381{\nborder-radius:0px 0px 0px 0px;\npadding:0px 0px 0px 0px;\n}\n<\/style>\n<div  class='flex_column av-av_one_third-7075c5482eebedf7c49de2c5ec0d6381 av_one_third  avia-builder-el-1  el_before_av_two_third  avia-builder-el-first  first flex_column_table_cell av-equal-height-column av-align-bottom av-zero-column-padding  '     ><section  class='av_textblock_section av-maxq6e3r-900eb1a132228292653783117bd8f265 '   itemscope=\"itemscope\" itemtype=\"https:\/\/schema.org\/CreativeWork\" ><div class='avia_textblock'  itemprop=\"text\" ><h3 class=\"csc-firstHeader\"><span class=\"word1\"><span class=\"character1\">A<\/span>LIB\u00c9RICO<\/span>\u00a0FOOD PACKAGING<\/h3>\n<div class=\"csc-textpic-text\">\n<p>Route de Alcala de Henares \u00e0 Daganzo, km 4,600<br \/>\nPol. Ind. Nilo c\/ Cuba s\/n<br \/>\n28806 Alcal\u00e1 de Henares (Madrid) &#8211; ESPAGNE<br \/>\nTel.: +34 911045050<\/p>\n<\/div>\n<h4><span class=\"word1\"><span class=\"character1\">P<\/span>alco<\/span><\/h4>\n<p>Tel.: +34 911045050<br \/>\n<a href=\"mailto:comercial@palco.es\">comercial@palco.es<\/a><\/p>\n<h4><span class=\"word1\"><span class=\"character1\">A<\/span>lubest<\/span><\/h4>\n<p>Tel.: +34 911045050<br \/>\n<a href=\"mailto:comercial@alubest.es\">comercial@alubest.es<\/a><\/p>\n<\/div><\/section><\/div><div class='av-flex-placeholder'><\/div>\n<style type=\"text\/css\" data-created_by=\"avia_inline_auto\" id=\"style-css-av-av_two_third-c8fc129dc35fd1ae2a1e410224d39ea8\">\n.flex_column.av-av_two_third-c8fc129dc35fd1ae2a1e410224d39ea8{\nborder-radius:0px 0px 0px 0px;\npadding:0px 0px 0px 0px;\n}\n<\/style>\n<div  class='flex_column av-av_two_third-c8fc129dc35fd1ae2a1e410224d39ea8 av_two_third  avia-builder-el-3  el_after_av_one_third  avia-builder-el-last  flex_column_table_cell av-equal-height-column av-align-bottom av-zero-column-padding  '     ><div  class='av_gmaps_sc_main_wrap av_gmaps_main_wrap '><div id='av_gmap_0' class='avia-google-map-container avia-google-map-sc av_gmaps_show_unconditionally av-no-fallback-img ' data-mapid='av_gmap_0'  style='height: 500px;'><a class=\"av_gmaps_browser_disabled av_text_confirm_link av_text_confirm_link_visible\" href=\"https:\/\/www.google.com\/maps\/search\/?api=1&#038;query=Pol.%20Ind.%20Nilo%20c\/Cuba%20s\/n%20%20alcal\u00e1%20de%20henares%20%20espa\u00f1a\" target=\"_blank\" rel=\"noopener\">Les cartes ont \u00e9t\u00e9 d\u00e9sactiv\u00e9es par le visiteur sur ce site. Cliquer pour ouvrir la carte dans une nouvelle fen\u00eatre.<\/a><\/div><\/div><\/div><\/div><!--close column table wrapper. Autoclose: 1 --><\/div><\/div><\/main><!-- close content main element --><\/div><\/div><div id='after_section_1'  class='main_color av_default_container_wrap container_wrap sidebar_right'  ><div class='container av-section-cont-open' ><div class='template-page content  av-content-small alpha units'><div class='post-entry post-entry-type-page post-entry-538'><div class='entry-content-wrapper clearfix'>\n","protected":false},"excerpt":{"rendered":"","protected":false},"author":4,"featured_media":0,"parent":0,"menu_order":0,"comment_status":"closed","ping_status":"closed","template":"","meta":{"footnotes":""},"class_list":["post-538","page","type-page","status-publish","hentry"],"_links":{"self":[{"href":"https:\/\/alibericopackaging.com\/fr\/wp-json\/wp\/v2\/pages\/538","targetHints":{"allow":["GET"]}}],"collection":[{"href":"https:\/\/alibericopackaging.com\/fr\/wp-json\/wp\/v2\/pages"}],"about":[{"href":"https:\/\/alibericopackaging.com\/fr\/wp-json\/wp\/v2\/types\/page"}],"author":[{"embeddable":true,"href":"https:\/\/alibericopackaging.com\/fr\/wp-json\/wp\/v2\/users\/4"}],"replies":[{"embeddable":true,"href":"https:\/\/alibericopackaging.com\/fr\/wp-json\/wp\/v2\/comments?post=538"}],"version-history":[{"count":4,"href":"https:\/\/alibericopackaging.com\/fr\/wp-json\/wp\/v2\/pages\/538\/revisions"}],"predecessor-version":[{"id":2640,"href":"https:\/\/alibericopackaging.com\/fr\/wp-json\/wp\/v2\/pages\/538\/revisions\/2640"}],"wp:attachment":[{"href":"https:\/\/alibericopackaging.com\/fr\/wp-json\/wp\/v2\/media?parent=538"}],"curies":[{"name":"wp","href":"https:\/\/api.w.org\/{rel}","templated":true}]}}