{"id":536,"date":"2017-11-15T09:24:56","date_gmt":"2017-11-15T09:24:56","guid":{"rendered":"http:\/\/alibericopackaging.com\/?page_id=536"},"modified":"2017-11-20T09:42:07","modified_gmt":"2017-11-20T09:42:07","slug":"micro-ondes","status":"publish","type":"page","link":"https:\/\/alibericopackaging.com\/fr\/micro-ondes\/","title":{"rendered":"Micro-ondes"},"content":{"rendered":"<div id='sec1standar'  class='avia-section av-av_section-992505857a6c72ff3dc57dd415adc381 main_color avia-section-default avia-no-border-styling  avia-builder-el-0  el_before_av_section  avia-builder-el-first  avia-bg-style-scroll container_wrap sidebar_right'  ><div class='container av-section-cont-open' ><main  role=\"main\" itemprop=\"mainContentOfPage\"  class='template-page content  av-content-small alpha units'><div class='post-entry post-entry-type-page post-entry-536'><div class='entry-content-wrapper clearfix'>\n<div class='flex_column_table av-av_one_third-7075c5482eebedf7c49de2c5ec0d6381 sc-av_one_third av-equal-height-column-flextable'>\n<style type=\"text\/css\" data-created_by=\"avia_inline_auto\" id=\"style-css-av-av_one_third-7075c5482eebedf7c49de2c5ec0d6381\">\n.flex_column.av-av_one_third-7075c5482eebedf7c49de2c5ec0d6381{\nborder-radius:0px 0px 0px 0px;\npadding:0px 0px 0px 0px;\n}\n<\/style>\n<div  class='flex_column av-av_one_third-7075c5482eebedf7c49de2c5ec0d6381 av_one_third  avia-builder-el-1  el_before_av_two_third  avia-builder-el-first  first flex_column_table_cell av-equal-height-column av-align-bottom av-zero-column-padding  '     ><\/div><div class='av-flex-placeholder'><\/div>\n<style type=\"text\/css\" data-created_by=\"avia_inline_auto\" id=\"style-css-av-av_two_third-c8fc129dc35fd1ae2a1e410224d39ea8\">\n.flex_column.av-av_two_third-c8fc129dc35fd1ae2a1e410224d39ea8{\nborder-radius:0px 0px 0px 0px;\npadding:0px 0px 0px 0px;\n}\n<\/style>\n<div  class='flex_column av-av_two_third-c8fc129dc35fd1ae2a1e410224d39ea8 av_two_third  avia-builder-el-2  el_after_av_one_third  avia-builder-el-last  flex_column_table_cell av-equal-height-column av-align-bottom av-zero-column-padding  '     ><div  class='avia-slideshow av-av_slideshow-4d3e6f4bd49a99f6ad73a8cdbc7e63b4 avia-slideshow-featured av_slideshow avia-slide-slider  avia-builder-el-3  avia-builder-el-no-sibling  av-slideshow-ui av-control-default av-slideshow-autoplay av-loop-endless av-loop-manual-endless av-default-height-applied avia-slideshow-1' data-slideshow-options=\"{&quot;animation&quot;:&quot;slide&quot;,&quot;autoplay&quot;:true,&quot;loop_autoplay&quot;:&quot;endless&quot;,&quot;interval&quot;:5,&quot;loop_manual&quot;:&quot;manual-endless&quot;,&quot;autoplay_stopper&quot;:false,&quot;noNavigation&quot;:false,&quot;bg_slider&quot;:false,&quot;keep_padding&quot;:false,&quot;hoverpause&quot;:false,&quot;show_slide_delay&quot;:0}\"  itemprop=\"image\" itemscope=\"itemscope\" itemtype=\"https:\/\/schema.org\/ImageObject\" ><ul class='avia-slideshow-inner ' style='padding-bottom: 45%;'><li  class='avia-slideshow-slide av-av_slideshow-4d3e6f4bd49a99f6ad73a8cdbc7e63b4__0  slide-1 slide-odd'><div data-rel='slideshow-1' class='avia-slide-wrap '   ><img fetchpriority=\"high\" class=\"wp-image-156 avia-img-lazy-loading-not-156\"  src='https:\/\/alibericopackaging.com\/wp-content\/uploads\/2017\/11\/Microondas_4.jpg.jpg' width='620' height='279' title='Microondas_4.jpg' alt=''  itemprop=\"thumbnailUrl\"   \/><\/div><\/li><li  class='avia-slideshow-slide av-av_slideshow-4d3e6f4bd49a99f6ad73a8cdbc7e63b4__1  slide-2 slide-even'><div data-rel='slideshow-1' class='avia-slide-wrap '   ><img fetchpriority=\"high\" class=\"wp-image-159 avia-img-lazy-loading-not-159\"  src='https:\/\/alibericopackaging.com\/wp-content\/uploads\/2017\/11\/Microondas_3.jpg.jpg' width='620' height='280' title='Microondas_3.jpg' alt=''  itemprop=\"thumbnailUrl\"   \/><\/div><\/li><li  class='avia-slideshow-slide av-av_slideshow-4d3e6f4bd49a99f6ad73a8cdbc7e63b4__2  slide-3 slide-odd'><div data-rel='slideshow-1' class='avia-slide-wrap '   ><img fetchpriority=\"high\" class=\"wp-image-162 avia-img-lazy-loading-not-162\"  src='https:\/\/alibericopackaging.com\/wp-content\/uploads\/2017\/11\/aliberico-packaging-microondas-3.jpg.jpg' width='620' height='280' title='aliberico-packaging-microondas-3.jpg' alt=''  itemprop=\"thumbnailUrl\"   \/><\/div><\/li><li  class='avia-slideshow-slide av-av_slideshow-4d3e6f4bd49a99f6ad73a8cdbc7e63b4__3  slide-4 slide-even'><div data-rel='slideshow-1' class='avia-slide-wrap '   ><img fetchpriority=\"high\" class=\"wp-image-165 avia-img-lazy-loading-not-165\"  src='https:\/\/alibericopackaging.com\/wp-content\/uploads\/2017\/11\/aliberico-packaging-microondas-2.jpg.jpg' width='620' height='280' title='aliberico-packaging-microondas-2.jpg' alt=''  itemprop=\"thumbnailUrl\"   \/><\/div><\/li><li  class='avia-slideshow-slide av-av_slideshow-4d3e6f4bd49a99f6ad73a8cdbc7e63b4__4  slide-5 slide-odd'><div data-rel='slideshow-1' class='avia-slide-wrap '   ><img fetchpriority=\"high\" class=\"wp-image-168 avia-img-lazy-loading-not-168\"  src='https:\/\/alibericopackaging.com\/wp-content\/uploads\/2017\/11\/aliberico-packaging-microondas-1.jpg.jpg' width='620' height='280' title='aliberico-packaging-microondas-1.jpg' alt=''  itemprop=\"thumbnailUrl\"   \/><\/div><\/li><\/ul><div class='avia-slideshow-arrows avia-slideshow-controls' ><a href='#prev' class='prev-slide ' aria-hidden='true' data-av_icon='\ue87c' data-av_iconfont='entypo-fontello'  tabindex='-1'>Pr\u00e9c\u00e9dent<\/a><a href='#next' class='next-slide ' aria-hidden='true' data-av_icon='\ue87d' data-av_iconfont='entypo-fontello'  tabindex='-1'>Suivant<\/a><\/div><div class='avia-slideshow-dots avia-slideshow-controls'><a href='#1' class='goto-slide active' >1<\/a><a href='#2' class='goto-slide ' >2<\/a><a href='#3' class='goto-slide ' >3<\/a><a href='#4' class='goto-slide ' >4<\/a><a href='#5' class='goto-slide ' >5<\/a><\/div><\/div><\/div><\/div><!--close column table wrapper. Autoclose: 1 -->\n\n<\/div><\/div><\/main><!-- close content main element --><\/div><\/div><div id='sec2standar'  class='avia-section av-av_section-eb94bdfefbc80c9d07b7673a3daecc50 main_color avia-section-default avia-no-border-styling  avia-builder-el-4  el_after_av_section  avia-builder-el-last  avia-bg-style-scroll container_wrap sidebar_right'  ><div class='container av-section-cont-open' ><div class='template-page content  av-content-small alpha units'><div class='post-entry post-entry-type-page post-entry-536'><div class='entry-content-wrapper clearfix'>\n\n<style type=\"text\/css\" data-created_by=\"avia_inline_auto\" id=\"style-css-av-av_one_third-15d750bd1b332b34c6e70b077ebbccdf\">\n.flex_column.av-av_one_third-15d750bd1b332b34c6e70b077ebbccdf{\nborder-radius:0px 0px 0px 0px;\npadding:0px 0px 0px 0px;\n}\n<\/style>\n<div  class='flex_column av-av_one_third-15d750bd1b332b34c6e70b077ebbccdf av_one_third  avia-builder-el-5  el_before_av_two_third  avia-builder-el-first  first flex_column_div av-zero-column-padding  '     ><section  class='av_textblock_section av-av_textblock-2de302bf1aa3cf4c9157dbe6f50ac7eb '   itemscope=\"itemscope\" itemtype=\"https:\/\/schema.org\/CreativeWork\" ><div class='avia_textblock'  itemprop=\"text\" ><p style=\"text-align: right; width: 70%; float: right; font-size: 1.2em;\"><strong>\u00ab\u00a0L\u2019emballage en aluminium peut \u00eatre parfaitement utilis\u00e9 dans les micro-ondes sans risque pour le four ou l\u2019utilisateur si les instructions d\u2019utilisation sont correctement suivies.\u00a0\u00bb<br \/>\n<\/strong><\/p>\n<\/div><\/section><\/div>\n<style type=\"text\/css\" data-created_by=\"avia_inline_auto\" id=\"style-css-av-av_two_third-c8fc129dc35fd1ae2a1e410224d39ea8\">\n.flex_column.av-av_two_third-c8fc129dc35fd1ae2a1e410224d39ea8{\nborder-radius:0px 0px 0px 0px;\npadding:0px 0px 0px 0px;\n}\n<\/style>\n<div  class='flex_column av-av_two_third-c8fc129dc35fd1ae2a1e410224d39ea8 av_two_third  avia-builder-el-7  el_after_av_one_third  avia-builder-el-last  flex_column_div av-zero-column-padding  '     ><p>\n<style type=\"text\/css\" data-created_by=\"avia_inline_auto\" id=\"style-css-av-av_heading-1a37512e5998043ffe539d6c6e76a670\">\n#top .av-special-heading.av-av_heading-1a37512e5998043ffe539d6c6e76a670{\npadding-bottom:10px;\n}\nbody .av-special-heading.av-av_heading-1a37512e5998043ffe539d6c6e76a670 .av-special-heading-tag .heading-char{\nfont-size:25px;\n}\n.av-special-heading.av-av_heading-1a37512e5998043ffe539d6c6e76a670 .av-subheading{\nfont-size:15px;\n}\n<\/style>\n<div  class='av-special-heading av-av_heading-1a37512e5998043ffe539d6c6e76a670 av-special-heading-h2 blockquote modern-quote  avia-builder-el-8  el_before_av_hr  avia-builder-el-first '><h2 class='av-special-heading-tag'  itemprop=\"headline\"  >100% S\u00dbRS<\/h2><div class=\"special-heading-border\"><div class=\"special-heading-inner-border\"><\/div><\/div><\/div><br \/>\n<div  class='hr av-av_hr-7ec35d38a2cc9ace18f2d89f7eac9f2e hr-default  avia-builder-el-9  el_after_av_heading  el_before_av_textblock '><span class='hr-inner '><span class=\"hr-inner-style\"><\/span><\/span><\/div><br \/>\n<section  class='av_textblock_section av-av_textblock-2de302bf1aa3cf4c9157dbe6f50ac7eb '   itemscope=\"itemscope\" itemtype=\"https:\/\/schema.org\/CreativeWork\" ><div class='avia_textblock'  itemprop=\"text\" ><h3><span class=\"word1\"><span class=\"character1\">L<\/span>es<\/span>\u00a0emballages en aluminium et le micro-ondes, la combinaison parfaite<\/h3>\n<p>Le prestigieux\u00a0<b>institut Fraunhofer<\/b>\u00a0en Allemagne a d\u00e9montr\u00e9 que les emballages en aluminium peuvent \u00eatre utilis\u00e9s en toute securit\u00e9 dans les fours \u00e0 micro-ondes. Cette \u00e9tude (demand\u00e9e par l\u2019Association Europ\u00e9enne de la Feuille d\u2019Aluminium (EAFA)), d\u00e9montre non seulement sa totale s\u00e9curit\u00e9 mais \u00e9galement une efficacit\u00e9 sup\u00e9rieure face aux autres mat\u00e9riels traditionnels:<\/p>\n<ul>\n<li>Conduit la chaleur plus efficacement<\/li>\n<\/ul>\n<ul>\n<li>Polyvalent et l\u00e9ger<\/li>\n<\/ul>\n<ul>\n<li>Hygi\u00e9nique<\/li>\n<\/ul>\n<ul>\n<li>Economique par rapport \u00e0 d\u2019autres types de r\u00e9cipients<\/li>\n<\/ul>\n<ul>\n<li>100% recyclable<\/li>\n<\/ul>\n<p>L\u2019emballage en aluminium peut \u00eatre parfaitement utilis\u00e9 dans les fours \u00e0 micro-ondes sans risque pour le four ou l\u2019utilisateur, si le four \u00e0 micro-ondes a \u00e9t\u00e9 fabriqu\u00e9 apr\u00e8s 1983 et les instructions d\u2019utilisation sont correctement suivies.<\/p>\n<p>Palco<span class=\" p76w3c26\">\u00ae<\/span>, pionnier dans le d\u00e9veloppement des r\u00e9cipients en aluminium pour l\u2019industrie agro-alimentaire, offre une large gamme de barquettes et d\u2019emballages pour fournir aux utilisateurs des aliments pr\u00eats \u00e0 \u00eatre r\u00e9chauff\u00e9s dans l\u2019emballage en aluminium, d&rsquo;une mani\u00e8re non seulement s\u00fbre et rapide, mais qui apporte aussi une apparence plus app\u00e9tissante.<\/p>\n<h3><span class=\"word1\"><span class=\"character1\">B<\/span>arquettes<\/span>\u00a0aluminium dans les fours \u00e0 micro-ondes: comment faire?<\/h3>\n<div class=\"indent\">\n<p>1.- Enlevez le couvercle de la barquette aluminium.<br \/>\n2.- V\u00e9rifiez que les aliments couvrent la plus grande partie de la barquette.<br \/>\n3.- Placez la barquette au centre du plat tournant du four \u00e0 micro-ondes.<i><b><br \/>\nAttention\u00a0<\/b>: si votre four \u00e0 micro-ondes est \u00e9quip\u00e9 d\u2019une platine en m\u00e9tal merci de placer une plaque c\u00e9ramique ou en verre sous la barquette.<\/i><br \/>\n4.- Le plat en aluminium ne doit pas entrer en contact avec les parois du four \u00e0 micro-ondes (distance minimum des parois : 2 cm)<br \/>\n5.- Ne pas mettre plus d&rsquo;une barquette aluminium \u00e0 la fois dans le four \u00e0 micro-ondes.<\/p>\n<\/div>\n<p><i>Merci de lire et de suivre les instructions attentivement.<\/i><\/p>\n<\/div><\/section><\/p><\/div>\n<\/div><\/div><\/div><!-- close content main div --><\/div><\/div><div id='after_section_2'  class='main_color av_default_container_wrap container_wrap sidebar_right'  ><div class='container av-section-cont-open' ><div class='template-page content  av-content-small alpha units'><div class='post-entry post-entry-type-page post-entry-536'><div class='entry-content-wrapper clearfix'>\n","protected":false},"excerpt":{"rendered":"","protected":false},"author":4,"featured_media":0,"parent":0,"menu_order":0,"comment_status":"closed","ping_status":"closed","template":"","meta":{"footnotes":""},"class_list":["post-536","page","type-page","status-publish","hentry"],"_links":{"self":[{"href":"https:\/\/alibericopackaging.com\/fr\/wp-json\/wp\/v2\/pages\/536","targetHints":{"allow":["GET"]}}],"collection":[{"href":"https:\/\/alibericopackaging.com\/fr\/wp-json\/wp\/v2\/pages"}],"about":[{"href":"https:\/\/alibericopackaging.com\/fr\/wp-json\/wp\/v2\/types\/page"}],"author":[{"embeddable":true,"href":"https:\/\/alibericopackaging.com\/fr\/wp-json\/wp\/v2\/users\/4"}],"replies":[{"embeddable":true,"href":"https:\/\/alibericopackaging.com\/fr\/wp-json\/wp\/v2\/comments?post=536"}],"version-history":[{"count":2,"href":"https:\/\/alibericopackaging.com\/fr\/wp-json\/wp\/v2\/pages\/536\/revisions"}],"predecessor-version":[{"id":1600,"href":"https:\/\/alibericopackaging.com\/fr\/wp-json\/wp\/v2\/pages\/536\/revisions\/1600"}],"wp:attachment":[{"href":"https:\/\/alibericopackaging.com\/fr\/wp-json\/wp\/v2\/media?parent=536"}],"curies":[{"name":"wp","href":"https:\/\/api.w.org\/{rel}","templated":true}]}}