{"id":534,"date":"2017-11-15T09:21:00","date_gmt":"2017-11-15T09:21:00","guid":{"rendered":"http:\/\/alibericopackaging.com\/?page_id=534"},"modified":"2025-04-30T09:03:10","modified_gmt":"2025-04-30T09:03:10","slug":"qualite","status":"publish","type":"page","link":"https:\/\/alibericopackaging.com\/fr\/qualite\/","title":{"rendered":"Qualit\u00e9"},"content":{"rendered":"<div id='sec1standar'  class='avia-section av-av_section-992505857a6c72ff3dc57dd415adc381 main_color avia-section-default avia-no-border-styling  avia-builder-el-0  el_before_av_section  avia-builder-el-first  avia-bg-style-scroll container_wrap sidebar_right'  ><div class='container av-section-cont-open' ><main  role=\"main\" itemprop=\"mainContentOfPage\"  class='template-page content  av-content-small alpha units'><div class='post-entry post-entry-type-page post-entry-534'><div class='entry-content-wrapper clearfix'>\n<div class='flex_column_table av-av_one_third-7075c5482eebedf7c49de2c5ec0d6381 sc-av_one_third av-equal-height-column-flextable'>\n<style type=\"text\/css\" data-created_by=\"avia_inline_auto\" id=\"style-css-av-av_one_third-7075c5482eebedf7c49de2c5ec0d6381\">\n.flex_column.av-av_one_third-7075c5482eebedf7c49de2c5ec0d6381{\nborder-radius:0px 0px 0px 0px;\npadding:0px 0px 0px 0px;\n}\n<\/style>\n<div  class='flex_column av-av_one_third-7075c5482eebedf7c49de2c5ec0d6381 av_one_third  avia-builder-el-1  el_before_av_two_third  avia-builder-el-first  first flex_column_table_cell av-equal-height-column av-align-bottom av-zero-column-padding  '     ><p>\n<style type=\"text\/css\" data-created_by=\"avia_inline_auto\" id=\"style-css-av-av_image-e78a260bf7eb035c13b09bad0383bf74\">\n.avia-image-container.av-av_image-e78a260bf7eb035c13b09bad0383bf74 img.avia_image{\nbox-shadow:none;\n}\n.avia-image-container.av-av_image-e78a260bf7eb035c13b09bad0383bf74 .av-image-caption-overlay-center{\ncolor:#ffffff;\n}\n<\/style>\n<div  class='avia-image-container av-av_image-e78a260bf7eb035c13b09bad0383bf74 av-styling-no-styling avia-align-right  avia-builder-el-2  el_before_av_image  avia-builder-el-first '   itemprop=\"image\" itemscope=\"itemscope\" itemtype=\"https:\/\/schema.org\/ImageObject\" ><div class=\"avia-image-container-inner\"><div class=\"avia-image-overlay-wrap\"><img fetchpriority=\"high\" class='wp-image-2052 avia-img-lazy-loading-not-2052 avia_image ' src='https:\/\/alibericopackaging.com\/wp-content\/uploads\/2019\/11\/Certificados-web.png' alt='' title='Certificados web'  height=\"134\" width=\"245\"  itemprop=\"thumbnailUrl\"  \/><\/div><\/div><\/div><br \/>\n\n<style type=\"text\/css\" data-created_by=\"avia_inline_auto\" id=\"style-css-av-av_image-88bc84818bb0a88922bc62d5654e1638\">\n.avia-image-container.av-av_image-88bc84818bb0a88922bc62d5654e1638 img.avia_image{\nbox-shadow:none;\n}\n.avia-image-container.av-av_image-88bc84818bb0a88922bc62d5654e1638 .av-image-caption-overlay-center{\ncolor:#ffffff;\n}\n<\/style>\n<div  class='avia-image-container av-av_image-88bc84818bb0a88922bc62d5654e1638 av-styling-no-styling avia-align-right  avia-builder-el-3  el_after_av_image  avia-builder-el-last '   itemprop=\"image\" itemscope=\"itemscope\" itemtype=\"https:\/\/schema.org\/ImageObject\" ><div class=\"avia-image-container-inner\"><div class=\"avia-image-overlay-wrap\"><img fetchpriority=\"high\" class='wp-image-132 avia-img-lazy-loading-not-132 avia_image ' src='https:\/\/alibericopackaging.com\/wp-content\/uploads\/2017\/11\/recicl_01.jpg.jpg' alt='' title='recicl_01.jpg'  height=\"89\" width=\"260\"  itemprop=\"thumbnailUrl\"  \/><\/div><\/div><\/div><\/p><\/div><div class='av-flex-placeholder'><\/div>\n<style type=\"text\/css\" data-created_by=\"avia_inline_auto\" id=\"style-css-av-av_two_third-c8fc129dc35fd1ae2a1e410224d39ea8\">\n.flex_column.av-av_two_third-c8fc129dc35fd1ae2a1e410224d39ea8{\nborder-radius:0px 0px 0px 0px;\npadding:0px 0px 0px 0px;\n}\n<\/style>\n<div  class='flex_column av-av_two_third-c8fc129dc35fd1ae2a1e410224d39ea8 av_two_third  avia-builder-el-4  el_after_av_one_third  avia-builder-el-last  flex_column_table_cell av-equal-height-column av-align-bottom av-zero-column-padding  '     ><div  class='avia-slideshow av-av_slideshow-4d3e6f4bd49a99f6ad73a8cdbc7e63b4 avia-slideshow-featured av_slideshow avia-slide-slider  avia-builder-el-5  avia-builder-el-no-sibling  av-slideshow-ui av-control-default av-slideshow-autoplay av-loop-endless av-loop-manual-endless av-default-height-applied avia-slideshow-1' data-slideshow-options=\"{&quot;animation&quot;:&quot;slide&quot;,&quot;autoplay&quot;:true,&quot;loop_autoplay&quot;:&quot;endless&quot;,&quot;interval&quot;:5,&quot;loop_manual&quot;:&quot;manual-endless&quot;,&quot;autoplay_stopper&quot;:false,&quot;noNavigation&quot;:false,&quot;bg_slider&quot;:false,&quot;keep_padding&quot;:false,&quot;hoverpause&quot;:false,&quot;show_slide_delay&quot;:0}\"  itemprop=\"image\" itemscope=\"itemscope\" itemtype=\"https:\/\/schema.org\/ImageObject\" ><ul class='avia-slideshow-inner ' style='padding-bottom: 45.161290322581%;'><li  class='avia-slideshow-slide av-av_slideshow-4d3e6f4bd49a99f6ad73a8cdbc7e63b4__0  slide-1 slide-odd'><div data-rel='slideshow-1' class='avia-slide-wrap '   ><img fetchpriority=\"high\" class=\"wp-image-135 avia-img-lazy-loading-not-135\"  src='https:\/\/alibericopackaging.com\/wp-content\/uploads\/2017\/11\/calidad-alibercopackaging-5.jpg.jpg' width='620' height='280' title='calidad-alibercopackaging-5.jpg' alt=''  itemprop=\"thumbnailUrl\"   \/><\/div><\/li><li  class='avia-slideshow-slide av-av_slideshow-4d3e6f4bd49a99f6ad73a8cdbc7e63b4__1  slide-2 slide-even'><div data-rel='slideshow-1' class='avia-slide-wrap '   ><img fetchpriority=\"high\" class=\"wp-image-138 avia-img-lazy-loading-not-138\"  src='https:\/\/alibericopackaging.com\/wp-content\/uploads\/2017\/11\/calidad-alibercopackaging-4.jpg.jpg' width='620' height='280' title='calidad-alibercopackaging-4.jpg' alt=''  itemprop=\"thumbnailUrl\"   \/><\/div><\/li><li  class='avia-slideshow-slide av-av_slideshow-4d3e6f4bd49a99f6ad73a8cdbc7e63b4__2  slide-3 slide-odd'><div data-rel='slideshow-1' class='avia-slide-wrap '   ><img fetchpriority=\"high\" class=\"wp-image-141 avia-img-lazy-loading-not-141\"  src='https:\/\/alibericopackaging.com\/wp-content\/uploads\/2017\/11\/calidad-alibercopackaging-3.jpg.jpg' width='620' height='280' title='calidad-alibercopackaging-3.jpg' alt=''  itemprop=\"thumbnailUrl\"   \/><\/div><\/li><li  class='avia-slideshow-slide av-av_slideshow-4d3e6f4bd49a99f6ad73a8cdbc7e63b4__3  slide-4 slide-even'><div data-rel='slideshow-1' class='avia-slide-wrap '   ><img fetchpriority=\"high\" class=\"wp-image-144 avia-img-lazy-loading-not-144\"  src='https:\/\/alibericopackaging.com\/wp-content\/uploads\/2017\/11\/calidad-alibercopackaging-2.jpg.jpg' width='620' height='302' title='calidad-alibercopackaging-2.jpg' alt=''  itemprop=\"thumbnailUrl\"   \/><\/div><\/li><li  class='avia-slideshow-slide av-av_slideshow-4d3e6f4bd49a99f6ad73a8cdbc7e63b4__4  slide-5 slide-odd'><div data-rel='slideshow-1' class='avia-slide-wrap '   ><img fetchpriority=\"high\" class=\"wp-image-147 avia-img-lazy-loading-not-147\"  src='https:\/\/alibericopackaging.com\/wp-content\/uploads\/2017\/11\/calidad-alibercopackaging-1.jpg.jpg' width='620' height='305' title='calidad-alibercopackaging-1.jpg' alt=''  itemprop=\"thumbnailUrl\"   \/><\/div><\/li><\/ul><div class='avia-slideshow-arrows avia-slideshow-controls' ><a href='#prev' class='prev-slide ' aria-hidden='true' data-av_icon='\ue87c' data-av_iconfont='entypo-fontello'  tabindex='-1'>Pr\u00e9c\u00e9dent<\/a><a href='#next' class='next-slide ' aria-hidden='true' data-av_icon='\ue87d' data-av_iconfont='entypo-fontello'  tabindex='-1'>Suivant<\/a><\/div><div class='avia-slideshow-dots avia-slideshow-controls'><a href='#1' class='goto-slide active' >1<\/a><a href='#2' class='goto-slide ' >2<\/a><a href='#3' class='goto-slide ' >3<\/a><a href='#4' class='goto-slide ' >4<\/a><a href='#5' class='goto-slide ' >5<\/a><\/div><\/div><\/div><\/div><!--close column table wrapper. Autoclose: 1 -->\n\n<\/div><\/div><\/main><!-- close content main element --><\/div><\/div><div id='sec2standar'  class='avia-section av-av_section-eb94bdfefbc80c9d07b7673a3daecc50 main_color avia-section-default avia-no-border-styling  avia-builder-el-6  el_after_av_section  avia-builder-el-last  avia-bg-style-scroll container_wrap sidebar_right'  ><div class='container av-section-cont-open' ><div class='template-page content  av-content-small alpha units'><div class='post-entry post-entry-type-page post-entry-534'><div class='entry-content-wrapper clearfix'>\n\n<style type=\"text\/css\" data-created_by=\"avia_inline_auto\" id=\"style-css-av-av_one_third-15d750bd1b332b34c6e70b077ebbccdf\">\n.flex_column.av-av_one_third-15d750bd1b332b34c6e70b077ebbccdf{\nborder-radius:0px 0px 0px 0px;\npadding:0px 0px 0px 0px;\n}\n<\/style>\n<div  class='flex_column av-av_one_third-15d750bd1b332b34c6e70b077ebbccdf av_one_third  avia-builder-el-7  el_before_av_two_third  avia-builder-el-first  first flex_column_div av-zero-column-padding  '     ><section  class='av_textblock_section av-av_textblock-2de302bf1aa3cf4c9157dbe6f50ac7eb '   itemscope=\"itemscope\" itemtype=\"https:\/\/schema.org\/CreativeWork\" ><div class='avia_textblock'  itemprop=\"text\" ><p style=\"text-align: right; width: 70%; float: right; font-size: 1.2em;\"><strong>\u00ab\u00a0Alib\u00e9rico Food Packaging, dans la cadre du groupe Alib\u00e9rico, maintient un engagement ferme avec l\u2019\u00e9cologie. Tous les processus de production sont assur\u00e9s pour garantir le respect maximum de l\u2019environnement\u00a0\u00bb<\/strong><\/p>\n<\/div><\/section><\/div>\n<style type=\"text\/css\" data-created_by=\"avia_inline_auto\" id=\"style-css-av-av_two_third-c8fc129dc35fd1ae2a1e410224d39ea8\">\n.flex_column.av-av_two_third-c8fc129dc35fd1ae2a1e410224d39ea8{\nborder-radius:0px 0px 0px 0px;\npadding:0px 0px 0px 0px;\n}\n<\/style>\n<div  class='flex_column av-av_two_third-c8fc129dc35fd1ae2a1e410224d39ea8 av_two_third  avia-builder-el-9  el_after_av_one_third  avia-builder-el-last  flex_column_div av-zero-column-padding  '     ><p>\n<style type=\"text\/css\" data-created_by=\"avia_inline_auto\" id=\"style-css-av-ma3pg7gx-d419e5fd8a76b80e50864ce445809f06\">\n#top .av-special-heading.av-ma3pg7gx-d419e5fd8a76b80e50864ce445809f06{\npadding-bottom:10px;\n}\nbody .av-special-heading.av-ma3pg7gx-d419e5fd8a76b80e50864ce445809f06 .av-special-heading-tag .heading-char{\nfont-size:25px;\n}\n.av-special-heading.av-ma3pg7gx-d419e5fd8a76b80e50864ce445809f06 .av-subheading{\nfont-size:15px;\n}\n<\/style>\n<div  class='av-special-heading av-ma3pg7gx-d419e5fd8a76b80e50864ce445809f06 av-special-heading-h2 blockquote modern-quote  avia-builder-el-10  el_before_av_hr  avia-builder-el-first '><h2 class='av-special-heading-tag'  itemprop=\"headline\"  >POLITIQUE DU SYST\u00c8ME DE MANAGEMENT INT\u00c9GR\u00c9<\/h2><div class=\"special-heading-border\"><div class=\"special-heading-inner-border\"><\/div><\/div><\/div><br \/>\n<div  class='hr av-av_hr-7ec35d38a2cc9ace18f2d89f7eac9f2e hr-default  avia-builder-el-11  el_after_av_heading  el_before_av_textblock '><span class='hr-inner '><span class=\"hr-inner-style\"><\/span><\/span><\/div><br \/>\n<section  class='av_textblock_section av-ma3pk0tn-9cd93cbac68fcf89995ba2494cf431cc '   itemscope=\"itemscope\" itemtype=\"https:\/\/schema.org\/CreativeWork\" ><div class='avia_textblock'  itemprop=\"text\" ><p>Chez <strong>ALIBERICO FOOD PACKAGING<\/strong>, nous nous engageons avec l\u2019excellence dans toutes nos activit\u00e9s, nous offrirons des produits s\u00fbrs, de haute qualit\u00e9 et durables, gr\u00e2ce \u00e0 une gestion responsable et visant l&rsquo;am\u00e9lioration continue.<\/p>\n<p>Notre activit\u00e9 implique une grande responsabilit\u00e9 en termes de s\u00e9curit\u00e9 et de s\u00e9curit\u00e9 alimentaires, de protection de l&rsquo;environnement, de sant\u00e9 et de bien-\u00eatre de nos travailleurs et de durabilit\u00e9 de l&rsquo;environnement.<\/p>\n<p>Notre objectif est de fournir des solutions d&#8217;emballage en aluminium durables en apportant des am\u00e9liorations concurrentielles et en r\u00e9pondant \u00e0 la satisfaction ainsi qu&rsquo;aux exigences de nos clients, gr\u00e2ce \u00e0 une \u00e9quipe hautement engag\u00e9e et qualifi\u00e9e.<\/p>\n<p>\u00c0 cette fin, un <strong>syst\u00e8me de management int\u00e9gr\u00e9 (SMI)<\/strong> a \u00e9t\u00e9 implant\u00e9 , conform\u00e9ment aux normes internationales les plus \u00e9lev\u00e9es <strong>ISO 9001<\/strong>,<strong> ISO 14001, ISO 45001, FSSC 22000 et Zero Waste.\u00a0<\/strong><\/p>\n<p>Notre politique est bas\u00e9e sur les principes suivants :<\/p>\n<ol>\n<li><strong> Qualit\u00e9<\/strong><\/li>\n<\/ol>\n<p>&#8211; R\u00e9pondre aux besoins et aux attentes de nos clients et parties int\u00e9ress\u00e9es \u00e0 travers des produits et services r\u00e9pondant aux normes de qualit\u00e9 les plus \u00e9lev\u00e9es.<\/p>\n<p>&#8211; Garantir l&rsquo;am\u00e9lioration continue de nos processus de production, de nos syst\u00e8mes de gestion et de notre performance globale, en favorisant l&rsquo;innovation et l&rsquo;efficacit\u00e9 op\u00e9rationnelle.<\/p>\n<ol start=\"2\">\n<li><strong> L&rsquo;environnement et le z\u00e9ro d\u00e9chet<\/strong><\/li>\n<\/ol>\n<p>&#8211; Minimiser l&rsquo;impact environnemental de nos activit\u00e9s, de la conception \u00e0 l&rsquo;utilisation finale, gr\u00e2ce \u00e0 l&rsquo;utilisation efficace des mati\u00e8res premi\u00e8res, de l&rsquo;\u00e9nergie et \u00e0 une bonne gestion des d\u00e9chets.<\/p>\n<p>&#8211; Se conformer \u00e0 la l\u00e9gislation environnementale en vigueur et aux autres engagements volontaires, en promouvant une culture de respect de l&rsquo;environnement dans toute l&rsquo;organisation.<\/p>\n<p>&#8211; Promouvoir la formation et la sensibilisation \u00e0 l&rsquo;environnement \u00e0 tous les niveaux de l&rsquo;entreprise.<\/p>\n<p>&#8211; D\u00e9velopper des produits qui contribuent \u00e0 l&rsquo;\u00e9conomie circulaire, en facilitant le recyclage et la r\u00e9utilisation des emballages m\u00e9talliques.<\/p>\n<ol start=\"3\">\n<li><strong> Salubrit\u00e9 et salubrit\u00e9 des aliments<\/strong><\/li>\n<\/ol>\n<p>&#8211; S&rsquo;assurer que tous nos emballages sont sans danger pour le contact avec les aliments, conform\u00e9ment \u00e0 la l\u00e9gislation europ\u00e9enne et \u00e0 d&rsquo;autres r\u00e9glementations internationales pertinentes.<\/p>\n<p>&#8211; Appliquer des contr\u00f4les de qualit\u00e9 rigoureux et des syst\u00e8mes pr\u00e9ventifs bas\u00e9s sur l&rsquo;analyse des risques des points critiques contr\u00f4le (HACCP), garantissant la s\u00e9curit\u00e9 de nos produits.<\/p>\n<p>&#8211; Assurer une tra\u00e7abilit\u00e9 compl\u00e8te depuis la r\u00e9ception des mati\u00e8res premi\u00e8res jusqu&rsquo;\u00e0 la livraison du produit final.<\/p>\n<ol start=\"4\">\n<li><strong> Pr\u00e9vention des risques professionnels<\/strong><\/li>\n<\/ol>\n<p>&#8211; Fournir des conditions de travail s\u00fbres et saines, en pr\u00e9venant les blessures, les maladies professionnelles et en promouvant une culture pr\u00e9ventive.<\/p>\n<p>&#8211; Se conformer \u00e0 la l\u00e9gislation en vigueur en mati\u00e8re de sant\u00e9 et de s\u00e9curit\u00e9 au travail, en favorisant la formation continue par la participation, la consultation active des travailleurs et l&rsquo;identification des risques.<\/p>\n<p>&#8211; \u00c9valuer et contr\u00f4ler les facteurs de risque par la mise en place de mesures correctives et pr\u00e9ventives efficaces.<\/p>\n<p>&#8211; Engagement \u00e0 \u00e9liminer ou \u00e0 r\u00e9duire les risques professionnels, en contr\u00f4lant et\/ou en minimisant ceux qui ne peuvent \u00eatre \u00e9limin\u00e9s.<\/p>\n<ol start=\"5\">\n<li><strong> Durabilit\u00e9<\/strong><\/li>\n<\/ol>\n<p>&#8211; Int\u00e9grer des crit\u00e8res sociaux, environnementaux et \u00e9conomiques dans la prise de d\u00e9cision, contribuant ainsi au d\u00e9veloppement durable de notre communaut\u00e9 et de l&rsquo;environnement.<\/p>\n<p>&#8211; Promouvoir l&rsquo;utilisation efficace des ressources naturelles, l&rsquo;\u00e9conomie circulaire et la responsabilit\u00e9 sociale des entreprises en tant qu&rsquo;axes commerciaux strat\u00e9giques.<\/p>\n<p>&#8211; Promouvoir la conception de produits respectueux de l&rsquo;environnement, en encourageant l&rsquo;utilisation de mat\u00e9riaux recyclables et de proc\u00e9d\u00e9s plus propres.<\/p>\n<p>&#8211; Travailler avec des fournisseurs et des collaborateurs qui partagent nos valeurs de durabilit\u00e9 et de responsabilit\u00e9.<\/p>\n<p>La direction d&rsquo;<strong>ALIBERICO FOOD PACKAGING<\/strong> s&rsquo;engage \u00e0 diriger la mise en \u0153uvre et l&rsquo;am\u00e9lioration continue du syst\u00e8me de gestion int\u00e9gr\u00e9, en allouant les ressources n\u00e9cessaires et en assurant leur communication et leur compr\u00e9hension \u00e0 tous les niveaux de l&rsquo;organisation.<\/p>\n<p>Cette politique fournit le cadre permettant d&rsquo;\u00e9tablir des objectifs et des buts conformes \u00e0 nos valeurs, \u00e0 nos engagements juridiques et aux attentes des parties int\u00e9ress\u00e9es.<\/p>\n<p>Il sera r\u00e9examin\u00e9 p\u00e9riodiquement pour s&rsquo;assurer de sa validit\u00e9, de son efficacit\u00e9 et de son adaptation aux changements de l&rsquo;environnement.<\/p>\n<\/div><\/section><\/p><\/div><\/div><\/div><\/div><!-- close content main div --><\/div><\/div><div id='after_section_2'  class='main_color av_default_container_wrap container_wrap sidebar_right'  ><div class='container av-section-cont-open' ><div class='template-page content  av-content-small alpha units'><div class='post-entry post-entry-type-page post-entry-534'><div class='entry-content-wrapper clearfix'>\n","protected":false},"excerpt":{"rendered":"","protected":false},"author":4,"featured_media":0,"parent":0,"menu_order":0,"comment_status":"closed","ping_status":"closed","template":"","meta":{"footnotes":""},"class_list":["post-534","page","type-page","status-publish","hentry"],"_links":{"self":[{"href":"https:\/\/alibericopackaging.com\/fr\/wp-json\/wp\/v2\/pages\/534","targetHints":{"allow":["GET"]}}],"collection":[{"href":"https:\/\/alibericopackaging.com\/fr\/wp-json\/wp\/v2\/pages"}],"about":[{"href":"https:\/\/alibericopackaging.com\/fr\/wp-json\/wp\/v2\/types\/page"}],"author":[{"embeddable":true,"href":"https:\/\/alibericopackaging.com\/fr\/wp-json\/wp\/v2\/users\/4"}],"replies":[{"embeddable":true,"href":"https:\/\/alibericopackaging.com\/fr\/wp-json\/wp\/v2\/comments?post=534"}],"version-history":[{"count":10,"href":"https:\/\/alibericopackaging.com\/fr\/wp-json\/wp\/v2\/pages\/534\/revisions"}],"predecessor-version":[{"id":2632,"href":"https:\/\/alibericopackaging.com\/fr\/wp-json\/wp\/v2\/pages\/534\/revisions\/2632"}],"wp:attachment":[{"href":"https:\/\/alibericopackaging.com\/fr\/wp-json\/wp\/v2\/media?parent=534"}],"curies":[{"name":"wp","href":"https:\/\/api.w.org\/{rel}","templated":true}]}}