{"id":532,"date":"2017-11-15T09:17:42","date_gmt":"2017-11-15T09:17:42","guid":{"rendered":"http:\/\/alibericopackaging.com\/?page_id=532"},"modified":"2017-11-20T09:43:43","modified_gmt":"2017-11-20T09:43:43","slug":"techno","status":"publish","type":"page","link":"https:\/\/alibericopackaging.com\/fr\/techno\/","title":{"rendered":"Techno"},"content":{"rendered":"<div id='sec1standar'  class='avia-section av-av_section-992505857a6c72ff3dc57dd415adc381 main_color avia-section-default avia-no-border-styling  avia-builder-el-0  el_before_av_section  avia-builder-el-first  avia-bg-style-scroll container_wrap sidebar_right'  ><div class='container av-section-cont-open' ><main  role=\"main\" itemprop=\"mainContentOfPage\"  class='template-page content  av-content-small alpha units'><div class='post-entry post-entry-type-page post-entry-532'><div class='entry-content-wrapper clearfix'>\n<div class='flex_column_table av-av_one_third-7075c5482eebedf7c49de2c5ec0d6381 sc-av_one_third av-equal-height-column-flextable'>\n<style type=\"text\/css\" data-created_by=\"avia_inline_auto\" id=\"style-css-av-av_one_third-7075c5482eebedf7c49de2c5ec0d6381\">\n.flex_column.av-av_one_third-7075c5482eebedf7c49de2c5ec0d6381{\nborder-radius:0px 0px 0px 0px;\npadding:0px 0px 0px 0px;\n}\n<\/style>\n<div  class='flex_column av-av_one_third-7075c5482eebedf7c49de2c5ec0d6381 av_one_third  avia-builder-el-1  el_before_av_two_third  avia-builder-el-first  first flex_column_table_cell av-equal-height-column av-align-bottom av-zero-column-padding  '     ><style type=\"text\/css\" data-created_by=\"avia_inline_auto\" id=\"style-css-av-av_image-7fd7450c8a63dcb18336b1884949b4a9\">\n.avia-image-container.av-av_image-7fd7450c8a63dcb18336b1884949b4a9 img.avia_image{\nbox-shadow:none;\n}\n.avia-image-container.av-av_image-7fd7450c8a63dcb18336b1884949b4a9 .av-image-caption-overlay-center{\ncolor:#ffffff;\n}\n<\/style>\n<div  class='avia-image-container av-av_image-7fd7450c8a63dcb18336b1884949b4a9 av-styling-no-styling avia-align-right  avia-builder-el-2  avia-builder-el-no-sibling '   itemprop=\"image\" itemscope=\"itemscope\" itemtype=\"https:\/\/schema.org\/ImageObject\" ><div class=\"avia-image-container-inner\"><div class=\"avia-image-overlay-wrap\"><img fetchpriority=\"high\" class='wp-image-196 avia-img-lazy-loading-not-196 avia_image ' src='https:\/\/alibericopackaging.com\/wp-content\/uploads\/2017\/11\/tecnologia-alibericopackaging-1_01.jpg.jpg' alt='' title='tecnologia-alibericopackaging-1_01.jpg'  height=\"127\" width=\"200\"  itemprop=\"thumbnailUrl\"  \/><\/div><\/div><\/div><\/div><div class='av-flex-placeholder'><\/div>\n<style type=\"text\/css\" data-created_by=\"avia_inline_auto\" id=\"style-css-av-av_two_third-c8fc129dc35fd1ae2a1e410224d39ea8\">\n.flex_column.av-av_two_third-c8fc129dc35fd1ae2a1e410224d39ea8{\nborder-radius:0px 0px 0px 0px;\npadding:0px 0px 0px 0px;\n}\n<\/style>\n<div  class='flex_column av-av_two_third-c8fc129dc35fd1ae2a1e410224d39ea8 av_two_third  avia-builder-el-3  el_after_av_one_third  avia-builder-el-last  flex_column_table_cell av-equal-height-column av-align-bottom av-zero-column-padding  '     ><div  class='avia-slideshow av-av_slideshow-4d3e6f4bd49a99f6ad73a8cdbc7e63b4 avia-slideshow-featured av_slideshow avia-slide-slider  avia-builder-el-4  avia-builder-el-no-sibling  av-slideshow-ui av-control-default av-slideshow-autoplay av-loop-endless av-loop-manual-endless av-default-height-applied avia-slideshow-1' data-slideshow-options=\"{&quot;animation&quot;:&quot;slide&quot;,&quot;autoplay&quot;:true,&quot;loop_autoplay&quot;:&quot;endless&quot;,&quot;interval&quot;:5,&quot;loop_manual&quot;:&quot;manual-endless&quot;,&quot;autoplay_stopper&quot;:false,&quot;noNavigation&quot;:false,&quot;bg_slider&quot;:false,&quot;keep_padding&quot;:false,&quot;hoverpause&quot;:false,&quot;show_slide_delay&quot;:0}\"  itemprop=\"image\" itemscope=\"itemscope\" itemtype=\"https:\/\/schema.org\/ImageObject\" ><ul class='avia-slideshow-inner ' style='padding-bottom: 45.161290322581%;'><li  class='avia-slideshow-slide av-av_slideshow-4d3e6f4bd49a99f6ad73a8cdbc7e63b4__0  slide-1 slide-odd'><div data-rel='slideshow-1' class='avia-slide-wrap '   ><img fetchpriority=\"high\" class=\"wp-image-181 avia-img-lazy-loading-not-181\"  src='https:\/\/alibericopackaging.com\/wp-content\/uploads\/2017\/11\/Tecnologia_5.jpg.jpg' width='620' height='280' title='Tecnologia_5.jpg' alt=''  itemprop=\"thumbnailUrl\"   \/><\/div><\/li><li  class='avia-slideshow-slide av-av_slideshow-4d3e6f4bd49a99f6ad73a8cdbc7e63b4__1  slide-2 slide-even'><div data-rel='slideshow-1' class='avia-slide-wrap '   ><img fetchpriority=\"high\" class=\"wp-image-184 avia-img-lazy-loading-not-184\"  src='https:\/\/alibericopackaging.com\/wp-content\/uploads\/2017\/11\/tecnologia-alibericopackaging-4.jpg.jpg' width='620' height='280' title='tecnologia-alibericopackaging-4.jpg' alt=''  itemprop=\"thumbnailUrl\"   \/><\/div><\/li><li  class='avia-slideshow-slide av-av_slideshow-4d3e6f4bd49a99f6ad73a8cdbc7e63b4__2  slide-3 slide-odd'><div data-rel='slideshow-1' class='avia-slide-wrap '   ><img fetchpriority=\"high\" class=\"wp-image-187 avia-img-lazy-loading-not-187\"  src='https:\/\/alibericopackaging.com\/wp-content\/uploads\/2017\/11\/tecnologia-alibericopackaging-3.jpg.jpg' width='620' height='279' title='tecnologia-alibericopackaging-3.jpg' alt=''  itemprop=\"thumbnailUrl\"   \/><\/div><\/li><li  class='avia-slideshow-slide av-av_slideshow-4d3e6f4bd49a99f6ad73a8cdbc7e63b4__3  slide-4 slide-even'><div data-rel='slideshow-1' class='avia-slide-wrap '   ><img fetchpriority=\"high\" class=\"wp-image-190 avia-img-lazy-loading-not-190\"  src='https:\/\/alibericopackaging.com\/wp-content\/uploads\/2017\/11\/tecnologia-alibericopackaging-2.jpg.jpg' width='620' height='280' title='tecnologia-alibericopackaging-2.jpg' alt=''  itemprop=\"thumbnailUrl\"   \/><\/div><\/li><li  class='avia-slideshow-slide av-av_slideshow-4d3e6f4bd49a99f6ad73a8cdbc7e63b4__4  slide-5 slide-odd'><div data-rel='slideshow-1' class='avia-slide-wrap '   ><img fetchpriority=\"high\" class=\"wp-image-193 avia-img-lazy-loading-not-193\"  src='https:\/\/alibericopackaging.com\/wp-content\/uploads\/2017\/11\/Tecnologia-aliberico-packaging-1.jpg.jpg' width='620' height='280' title='Tecnologia-aliberico-packaging-1.jpg' alt=''  itemprop=\"thumbnailUrl\"   \/><\/div><\/li><\/ul><div class='avia-slideshow-arrows avia-slideshow-controls' ><a href='#prev' class='prev-slide ' aria-hidden='true' data-av_icon='\ue87c' data-av_iconfont='entypo-fontello'  tabindex='-1'>Pr\u00e9c\u00e9dent<\/a><a href='#next' class='next-slide ' aria-hidden='true' data-av_icon='\ue87d' data-av_iconfont='entypo-fontello'  tabindex='-1'>Suivant<\/a><\/div><div class='avia-slideshow-dots avia-slideshow-controls'><a href='#1' class='goto-slide active' >1<\/a><a href='#2' class='goto-slide ' >2<\/a><a href='#3' class='goto-slide ' >3<\/a><a href='#4' class='goto-slide ' >4<\/a><a href='#5' class='goto-slide ' >5<\/a><\/div><\/div><\/div><\/div><!--close column table wrapper. Autoclose: 1 -->\n\n<\/div><\/div><\/main><!-- close content main element --><\/div><\/div><div id='sec2standar'  class='avia-section av-av_section-eb94bdfefbc80c9d07b7673a3daecc50 main_color avia-section-default avia-no-border-styling  avia-builder-el-5  el_after_av_section  avia-builder-el-last  avia-bg-style-scroll container_wrap sidebar_right'  ><div class='container av-section-cont-open' ><div class='template-page content  av-content-small alpha units'><div class='post-entry post-entry-type-page post-entry-532'><div class='entry-content-wrapper clearfix'>\n\n<style type=\"text\/css\" data-created_by=\"avia_inline_auto\" id=\"style-css-av-av_one_third-15d750bd1b332b34c6e70b077ebbccdf\">\n.flex_column.av-av_one_third-15d750bd1b332b34c6e70b077ebbccdf{\nborder-radius:0px 0px 0px 0px;\npadding:0px 0px 0px 0px;\n}\n<\/style>\n<div  class='flex_column av-av_one_third-15d750bd1b332b34c6e70b077ebbccdf av_one_third  avia-builder-el-6  el_before_av_two_third  avia-builder-el-first  first flex_column_div av-zero-column-padding  '     ><section  class='av_textblock_section av-av_textblock-2de302bf1aa3cf4c9157dbe6f50ac7eb '   itemscope=\"itemscope\" itemtype=\"https:\/\/schema.org\/CreativeWork\" ><div class='avia_textblock'  itemprop=\"text\" ><p style=\"text-align: right; width: 70%; float: right; font-size: 1.2em;\"><strong>\u00ab\u00a040 ann\u00e9es d\u2019exp\u00e9rience et de \u00ab savoir-faire \u00bb dans l\u2019industrie de l\u2019emballage avec une \u00e9quipe hautement qualifi\u00e9e et motiv\u00e9e, pr\u00eate \u00e0 aider ses clients pour r\u00e9pondre \u00e0 leurs besoins partout dans le monde .\u00a0\u00bb<\/strong><\/p>\n<\/div><\/section><\/div>\n<style type=\"text\/css\" data-created_by=\"avia_inline_auto\" id=\"style-css-av-av_two_third-c8fc129dc35fd1ae2a1e410224d39ea8\">\n.flex_column.av-av_two_third-c8fc129dc35fd1ae2a1e410224d39ea8{\nborder-radius:0px 0px 0px 0px;\npadding:0px 0px 0px 0px;\n}\n<\/style>\n<div  class='flex_column av-av_two_third-c8fc129dc35fd1ae2a1e410224d39ea8 av_two_third  avia-builder-el-8  el_after_av_one_third  avia-builder-el-last  flex_column_div av-zero-column-padding  '     ><p>\n<style type=\"text\/css\" data-created_by=\"avia_inline_auto\" id=\"style-css-av-av_heading-160f069bcbd5269ff62784d45aae3cba\">\n#top .av-special-heading.av-av_heading-160f069bcbd5269ff62784d45aae3cba{\npadding-bottom:10px;\n}\nbody .av-special-heading.av-av_heading-160f069bcbd5269ff62784d45aae3cba .av-special-heading-tag .heading-char{\nfont-size:25px;\n}\n.av-special-heading.av-av_heading-160f069bcbd5269ff62784d45aae3cba .av-subheading{\nfont-size:15px;\n}\n<\/style>\n<div  class='av-special-heading av-av_heading-160f069bcbd5269ff62784d45aae3cba av-special-heading-h2 blockquote modern-quote  avia-builder-el-9  el_before_av_hr  avia-builder-el-first '><h2 class='av-special-heading-tag'  itemprop=\"headline\"  >TECHNIQUE DE L\u2019EMBALLAGE<\/h2><div class=\"special-heading-border\"><div class=\"special-heading-inner-border\"><\/div><\/div><\/div><br \/>\n<div  class='hr av-av_hr-7ec35d38a2cc9ace18f2d89f7eac9f2e hr-default  avia-builder-el-10  el_after_av_heading  el_before_av_textblock '><span class='hr-inner '><span class=\"hr-inner-style\"><\/span><\/span><\/div><br \/>\n<section  class='av_textblock_section av-av_textblock-2de302bf1aa3cf4c9157dbe6f50ac7eb '   itemscope=\"itemscope\" itemtype=\"https:\/\/schema.org\/CreativeWork\" ><div class='avia_textblock'  itemprop=\"text\" ><h3><span class=\"word1\"><span class=\"character1\">M<\/span>achines<\/span><\/h3>\n<p id=\"bolito\">Cha\u00eenes de production de conception propre, produisant \u00e0 grande vitesse et utilisant la vision artificielle la plus avanc\u00e9e et un \u00e9quipement de contr\u00f4le de production, permettant la production de plus d\u2019un milliard de r\u00e9cipients chaque ann\u00e9e.<\/p>\n<p id=\"bolito\">Une large gamme d\u2019outils permettant la production de plus de 200 types de r\u00e9cipients, disponibles dans une large gamme de formes, de couleurs et d\u2019impressions.<\/p>\n<p id=\"bolito\">Une des plus grande cha\u00eene de production pour la fabrication d&rsquo;opercules pr\u00e9d\u00e9coup\u00e9es avec ou sans impression.<\/p>\n<p id=\"bolito\">La technologie de pointe des usines de production, avec la derni\u00e8re g\u00e9n\u00e9ration des syst\u00e8mes de contr\u00f4le de propret\u00e9, d\u2019atmosph\u00e8re et de temp\u00e9rature int\u00e9rieure, respectant l&rsquo;\u00e9cologie et l&rsquo;environnement.<\/p>\n<h3><span class=\"word1\"><span class=\"character1\">A<\/span>ssistance<\/span>\u00a0technique<\/h3>\n<p>40 ann\u00e9es\u00a0<i>d\u2019exp\u00e9rience<\/i>\u00a0et de \u00ab savoir-faire \u00bb dans l\u2019industrie de l\u2019emballage avec une \u00e9quipe hautement qualifi\u00e9e et motiv\u00e9e, pr\u00eate \u00e0 aider et \u00e0 fournir un soutient technique \u00e0 ses clients pour r\u00e9pondre \u00e0 leurs besoins partout dans le monde.<\/p>\n<p>Si votre entreprise a besoin d\u2019une solution d\u2019emballage globale, merci de nous contacter. Nous vous fournirons une solution compl\u00e8te \u00e0 partir du d\u00e9veloppement et du design d\u2019outils et de moules, adapt\u00e9e aux machines et au syst\u00e8me de scellage.<\/p>\n<\/div><\/section><\/p><\/div>\n<\/div><\/div><\/div><!-- close content main div --><\/div><\/div><div id='after_section_2'  class='main_color av_default_container_wrap container_wrap sidebar_right'  ><div class='container av-section-cont-open' ><div class='template-page content  av-content-small alpha units'><div class='post-entry post-entry-type-page post-entry-532'><div class='entry-content-wrapper clearfix'>\n","protected":false},"excerpt":{"rendered":"","protected":false},"author":4,"featured_media":0,"parent":0,"menu_order":0,"comment_status":"closed","ping_status":"closed","template":"","meta":{"footnotes":""},"class_list":["post-532","page","type-page","status-publish","hentry"],"_links":{"self":[{"href":"https:\/\/alibericopackaging.com\/fr\/wp-json\/wp\/v2\/pages\/532","targetHints":{"allow":["GET"]}}],"collection":[{"href":"https:\/\/alibericopackaging.com\/fr\/wp-json\/wp\/v2\/pages"}],"about":[{"href":"https:\/\/alibericopackaging.com\/fr\/wp-json\/wp\/v2\/types\/page"}],"author":[{"embeddable":true,"href":"https:\/\/alibericopackaging.com\/fr\/wp-json\/wp\/v2\/users\/4"}],"replies":[{"embeddable":true,"href":"https:\/\/alibericopackaging.com\/fr\/wp-json\/wp\/v2\/comments?post=532"}],"version-history":[{"count":2,"href":"https:\/\/alibericopackaging.com\/fr\/wp-json\/wp\/v2\/pages\/532\/revisions"}],"predecessor-version":[{"id":1602,"href":"https:\/\/alibericopackaging.com\/fr\/wp-json\/wp\/v2\/pages\/532\/revisions\/1602"}],"wp:attachment":[{"href":"https:\/\/alibericopackaging.com\/fr\/wp-json\/wp\/v2\/media?parent=532"}],"curies":[{"name":"wp","href":"https:\/\/api.w.org\/{rel}","templated":true}]}}