{"id":530,"date":"2017-11-15T08:45:27","date_gmt":"2017-11-15T08:45:27","guid":{"rendered":"http:\/\/alibericopackaging.com\/?page_id=530"},"modified":"2022-03-21T11:39:58","modified_gmt":"2022-03-21T11:39:58","slug":"entreprise","status":"publish","type":"page","link":"https:\/\/alibericopackaging.com\/fr\/entreprise\/","title":{"rendered":"Entreprise"},"content":{"rendered":"<div id='sec1standar'  class='avia-section av-av_section-992505857a6c72ff3dc57dd415adc381 main_color avia-section-default avia-no-border-styling  avia-builder-el-0  el_before_av_section  avia-builder-el-first  avia-bg-style-scroll container_wrap sidebar_right'  ><div class='container av-section-cont-open' ><main  role=\"main\" itemprop=\"mainContentOfPage\"  class='template-page content  av-content-small alpha units'><div class='post-entry post-entry-type-page post-entry-530'><div class='entry-content-wrapper clearfix'>\n<div class='flex_column_table av-av_one_third-7075c5482eebedf7c49de2c5ec0d6381 sc-av_one_third av-equal-height-column-flextable'>\n<style type=\"text\/css\" data-created_by=\"avia_inline_auto\" id=\"style-css-av-av_one_third-7075c5482eebedf7c49de2c5ec0d6381\">\n.flex_column.av-av_one_third-7075c5482eebedf7c49de2c5ec0d6381{\nborder-radius:0px 0px 0px 0px;\npadding:0px 0px 0px 0px;\n}\n<\/style>\n<div  class='flex_column av-av_one_third-7075c5482eebedf7c49de2c5ec0d6381 av_one_third  avia-builder-el-1  el_before_av_two_third  avia-builder-el-first  first flex_column_table_cell av-equal-height-column av-align-bottom av-zero-column-padding  '     ><style type=\"text\/css\" data-created_by=\"avia_inline_auto\" id=\"style-css-av-av_image-e5b51dcef1091a3a7644720ddc2016fb\">\n.avia-image-container.av-av_image-e5b51dcef1091a3a7644720ddc2016fb img.avia_image{\nbox-shadow:none;\n}\n.avia-image-container.av-av_image-e5b51dcef1091a3a7644720ddc2016fb .av-image-caption-overlay-center{\ncolor:#ffffff;\n}\n<\/style>\n<div  class='avia-image-container av-av_image-e5b51dcef1091a3a7644720ddc2016fb av-styling-no-styling avia-align-right  avia-builder-el-2  avia-builder-el-no-sibling '   itemprop=\"image\" itemscope=\"itemscope\" itemtype=\"https:\/\/schema.org\/ImageObject\" ><div class=\"avia-image-container-inner\"><div class=\"avia-image-overlay-wrap\"><img fetchpriority=\"high\" class='wp-image-104 avia-img-lazy-loading-not-104 avia_image ' src='https:\/\/alibericopackaging.com\/wp-content\/uploads\/2017\/11\/sistemas-envasado.jpg' alt='' title='sistemas-envasado'  height=\"98\" width=\"219\"  itemprop=\"thumbnailUrl\"  \/><\/div><\/div><\/div><\/div><div class='av-flex-placeholder'><\/div>\n<style type=\"text\/css\" data-created_by=\"avia_inline_auto\" id=\"style-css-av-av_two_third-c8fc129dc35fd1ae2a1e410224d39ea8\">\n.flex_column.av-av_two_third-c8fc129dc35fd1ae2a1e410224d39ea8{\nborder-radius:0px 0px 0px 0px;\npadding:0px 0px 0px 0px;\n}\n<\/style>\n<div  class='flex_column av-av_two_third-c8fc129dc35fd1ae2a1e410224d39ea8 av_two_third  avia-builder-el-3  el_after_av_one_third  avia-builder-el-last  flex_column_table_cell av-equal-height-column av-align-bottom av-zero-column-padding  '     ><div  class='avia-slideshow av-av_slideshow-4d3e6f4bd49a99f6ad73a8cdbc7e63b4 avia-slideshow-featured av_slideshow avia-slide-slider  avia-builder-el-4  avia-builder-el-no-sibling  av-slideshow-ui av-control-default av-slideshow-autoplay av-loop-endless av-loop-manual-endless av-default-height-applied avia-slideshow-1' data-slideshow-options=\"{&quot;animation&quot;:&quot;slide&quot;,&quot;autoplay&quot;:true,&quot;loop_autoplay&quot;:&quot;endless&quot;,&quot;interval&quot;:5,&quot;loop_manual&quot;:&quot;manual-endless&quot;,&quot;autoplay_stopper&quot;:false,&quot;noNavigation&quot;:false,&quot;bg_slider&quot;:false,&quot;keep_padding&quot;:false,&quot;hoverpause&quot;:false,&quot;show_slide_delay&quot;:0}\"  itemprop=\"image\" itemscope=\"itemscope\" itemtype=\"https:\/\/schema.org\/ImageObject\" ><ul class='avia-slideshow-inner ' style='padding-bottom: 49.193548387097%;'><li  class='avia-slideshow-slide av-av_slideshow-4d3e6f4bd49a99f6ad73a8cdbc7e63b4__0  slide-1 slide-odd'><div data-rel='slideshow-1' class='avia-slide-wrap '   ><img fetchpriority=\"high\" class=\"wp-image-107 avia-img-lazy-loading-not-107\"  src='https:\/\/alibericopackaging.com\/wp-content\/uploads\/2017\/11\/empresa-alibericopackaging-5.jpg.jpg' width='620' height='305' title='empresa-alibericopackaging-5.jpg' alt=''  itemprop=\"thumbnailUrl\"   \/><\/div><\/li><li  class='avia-slideshow-slide av-av_slideshow-4d3e6f4bd49a99f6ad73a8cdbc7e63b4__1  slide-2 slide-even'><div data-rel='slideshow-1' class='avia-slide-wrap '   ><img fetchpriority=\"high\" class=\"wp-image-110 avia-img-lazy-loading-not-110\"  src='https:\/\/alibericopackaging.com\/wp-content\/uploads\/2017\/11\/empresa-alibericopackaging-3.jpg.jpg' width='620' height='305' title='empresa-alibericopackaging-3.jpg' alt=''  itemprop=\"thumbnailUrl\"   \/><\/div><\/li><li  class='avia-slideshow-slide av-av_slideshow-4d3e6f4bd49a99f6ad73a8cdbc7e63b4__2  slide-3 slide-odd'><div data-rel='slideshow-1' class='avia-slide-wrap '   ><img fetchpriority=\"high\" class=\"wp-image-113 avia-img-lazy-loading-not-113\"  src='https:\/\/alibericopackaging.com\/wp-content\/uploads\/2017\/11\/aliberico-packaging-empresa-2.jpg.jpg' width='620' height='305' title='aliberico-packaging-empresa-2.jpg' alt=''  itemprop=\"thumbnailUrl\"   \/><\/div><\/li><li  class='avia-slideshow-slide av-av_slideshow-4d3e6f4bd49a99f6ad73a8cdbc7e63b4__3  slide-4 slide-even'><div data-rel='slideshow-1' class='avia-slide-wrap '   ><img fetchpriority=\"high\" class=\"wp-image-2557 avia-img-lazy-loading-not-2557\"  src='https:\/\/alibericopackaging.com\/wp-content\/uploads\/2022\/03\/ALIBERICO-FOOD-PACKAGING-EMPRESA-FACHADA.png' width='620' height='305' title='ALIBERICO FOOD PACKAGING EMPRESA FACHADA' alt=''  itemprop=\"thumbnailUrl\"   \/><\/div><\/li><li  class='avia-slideshow-slide av-av_slideshow-4d3e6f4bd49a99f6ad73a8cdbc7e63b4__4  slide-5 slide-odd'><div data-rel='slideshow-1' class='avia-slide-wrap '   ><img fetchpriority=\"high\" class=\"wp-image-2554 avia-img-lazy-loading-not-2554\"  src='https:\/\/alibericopackaging.com\/wp-content\/uploads\/2022\/03\/ALIBERICO-FOOD-PACKAGING-DENTRO-FABRICA.png' width='620' height='305' title='ALIBERICO FOOD PACKAGING DENTRO FABRICA' alt=''  itemprop=\"thumbnailUrl\"   \/><\/div><\/li><\/ul><div class='avia-slideshow-arrows avia-slideshow-controls' ><a href='#prev' class='prev-slide ' aria-hidden='true' data-av_icon='\ue87c' data-av_iconfont='entypo-fontello'  tabindex='-1'>Pr\u00e9c\u00e9dent<\/a><a href='#next' class='next-slide ' aria-hidden='true' data-av_icon='\ue87d' data-av_iconfont='entypo-fontello'  tabindex='-1'>Suivant<\/a><\/div><div class='avia-slideshow-dots avia-slideshow-controls'><a href='#1' class='goto-slide active' >1<\/a><a href='#2' class='goto-slide ' >2<\/a><a href='#3' class='goto-slide ' >3<\/a><a href='#4' class='goto-slide ' >4<\/a><a href='#5' class='goto-slide ' >5<\/a><\/div><\/div><\/div><\/div><!--close column table wrapper. Autoclose: 1 --><\/div><\/div><\/main><!-- close content main element --><\/div><\/div><div id='sec2standar'  class='avia-section av-av_section-eb94bdfefbc80c9d07b7673a3daecc50 main_color avia-section-default avia-no-border-styling  avia-builder-el-5  el_after_av_section  avia-builder-el-last  avia-bg-style-scroll container_wrap sidebar_right'  ><div class='container av-section-cont-open' ><div class='template-page content  av-content-small alpha units'><div class='post-entry post-entry-type-page post-entry-530'><div class='entry-content-wrapper clearfix'>\n\n<style type=\"text\/css\" data-created_by=\"avia_inline_auto\" id=\"style-css-av-av_one_third-15d750bd1b332b34c6e70b077ebbccdf\">\n.flex_column.av-av_one_third-15d750bd1b332b34c6e70b077ebbccdf{\nborder-radius:0px 0px 0px 0px;\npadding:0px 0px 0px 0px;\n}\n<\/style>\n<div  class='flex_column av-av_one_third-15d750bd1b332b34c6e70b077ebbccdf av_one_third  avia-builder-el-6  el_before_av_two_third  avia-builder-el-first  first flex_column_div av-zero-column-padding  '     ><section  class='av_textblock_section av-av_textblock-2de302bf1aa3cf4c9157dbe6f50ac7eb '   itemscope=\"itemscope\" itemtype=\"https:\/\/schema.org\/CreativeWork\" ><div class='avia_textblock'  itemprop=\"text\" ><p style=\"text-align: right; width: 70%; float: right; font-size: 1.2em;\"><strong>\u201cAlib\u00e9rico Food Packaging dispose d\u2019un \u2018savoir-faire\u2019 propre pour le design et la fabrication d\u2019outillages, ainsi que pour la construction des lignes automatiques de fabrication des emballages de toutes sortes \u201d.<\/strong><\/p>\n<\/div><\/section><\/div>\n<style type=\"text\/css\" data-created_by=\"avia_inline_auto\" id=\"style-css-av-av_two_third-c8fc129dc35fd1ae2a1e410224d39ea8\">\n.flex_column.av-av_two_third-c8fc129dc35fd1ae2a1e410224d39ea8{\nborder-radius:0px 0px 0px 0px;\npadding:0px 0px 0px 0px;\n}\n<\/style>\n<div  class='flex_column av-av_two_third-c8fc129dc35fd1ae2a1e410224d39ea8 av_two_third  avia-builder-el-8  el_after_av_one_third  avia-builder-el-last  flex_column_div av-zero-column-padding  '     ><p>\n<style type=\"text\/css\" data-created_by=\"avia_inline_auto\" id=\"style-css-av-av_heading-ea073171734ca61601e7bb7ad6540787\">\n#top .av-special-heading.av-av_heading-ea073171734ca61601e7bb7ad6540787{\npadding-bottom:10px;\n}\nbody .av-special-heading.av-av_heading-ea073171734ca61601e7bb7ad6540787 .av-special-heading-tag .heading-char{\nfont-size:25px;\n}\n.av-special-heading.av-av_heading-ea073171734ca61601e7bb7ad6540787 .av-subheading{\nfont-size:15px;\n}\n<\/style>\n<div  class='av-special-heading av-av_heading-ea073171734ca61601e7bb7ad6540787 av-special-heading-h2 blockquote modern-quote  avia-builder-el-9  el_before_av_hr  avia-builder-el-first '><h2 class='av-special-heading-tag'  itemprop=\"headline\"  >QUI SOMMES NOUS<\/h2><div class=\"special-heading-border\"><div class=\"special-heading-inner-border\"><\/div><\/div><\/div><br \/>\n<div  class='hr av-av_hr-7ec35d38a2cc9ace18f2d89f7eac9f2e hr-default  avia-builder-el-10  el_after_av_heading  el_before_av_textblock '><span class='hr-inner '><span class=\"hr-inner-style\"><\/span><\/span><\/div><br \/>\n<section  class='av_textblock_section av-av_textblock-2de302bf1aa3cf4c9157dbe6f50ac7eb '   itemscope=\"itemscope\" itemtype=\"https:\/\/schema.org\/CreativeWork\" ><div class='avia_textblock'  itemprop=\"text\" ><p class=\"align-justify\"><strong style=\"color: #444!important;\">Alib\u00e9rico Food Packaging est le plus grand fabricant espagnol, et un des plus importants au niveau europ\u00e9en, de r\u00e9cipients et d\u2019emballages, sp\u00e9cialis\u00e9 dans les syst\u00e8mes de conditionnement de haute qualit\u00e9.<\/strong><\/p>\n<p>Avec plus de 40 ans d\u2019exp\u00e9rience, de savoir-faire et de technologie propre, Alib\u00e9rico Food Packaging con\u00e7oit et fabrique des r\u00e9cipients semi-rigides en aluminium de haute qualit\u00e9, sous ses marques internationalement reconnues, Palco\u00ae et Alubest\u00ae, pr\u00e9sentes sur de nombreux march\u00e9s comme l\u2019alimentation, l\u2019alimentation pour animaux et la restauration pour des compagnies a\u00e9riennes.<\/p>\n<p>Alib\u00e9rico Food Packaging, offre une large gamme de produits de r\u00e9cipients en aluminium, en plastique, en papier et en carton avec leurs couvercles correspondants, ainsi que des rouleaux en aluminium et film. Elle offre \u00e9galement, \u00e0 travers de son D\u00e9partement Technique, des d\u00e9veloppements sp\u00e9cifiques sur mesure pour chaque client.<\/p>\n<p>A vocation internationale, Alib\u00e9rico Food Packaging exporte plus de 60% de ses produits dans 25 pays sur quatre continents avec la garantie de toutes les normes l\u00e9gales correspondantes et la certification ISO 9001 pour ses produits. Alib\u00e9rico Food Packaging est homologu\u00e9e par les entreprises multinationales du secteur de l\u2019alimentation les plus importantes.<\/p>\n<\/div><\/section><\/p><\/div>\n<\/div><\/div><\/div><!-- close content main div --><\/div><\/div><div id='after_section_2'  class='main_color av_default_container_wrap container_wrap sidebar_right'  ><div class='container av-section-cont-open' ><div class='template-page content  av-content-small alpha units'><div class='post-entry post-entry-type-page post-entry-530'><div class='entry-content-wrapper clearfix'><\/p>\n","protected":false},"excerpt":{"rendered":"","protected":false},"author":4,"featured_media":0,"parent":0,"menu_order":0,"comment_status":"closed","ping_status":"closed","template":"","meta":{"footnotes":""},"class_list":["post-530","page","type-page","status-publish","hentry"],"_links":{"self":[{"href":"https:\/\/alibericopackaging.com\/fr\/wp-json\/wp\/v2\/pages\/530","targetHints":{"allow":["GET"]}}],"collection":[{"href":"https:\/\/alibericopackaging.com\/fr\/wp-json\/wp\/v2\/pages"}],"about":[{"href":"https:\/\/alibericopackaging.com\/fr\/wp-json\/wp\/v2\/types\/page"}],"author":[{"embeddable":true,"href":"https:\/\/alibericopackaging.com\/fr\/wp-json\/wp\/v2\/users\/4"}],"replies":[{"embeddable":true,"href":"https:\/\/alibericopackaging.com\/fr\/wp-json\/wp\/v2\/comments?post=530"}],"version-history":[{"count":4,"href":"https:\/\/alibericopackaging.com\/fr\/wp-json\/wp\/v2\/pages\/530\/revisions"}],"predecessor-version":[{"id":2561,"href":"https:\/\/alibericopackaging.com\/fr\/wp-json\/wp\/v2\/pages\/530\/revisions\/2561"}],"wp:attachment":[{"href":"https:\/\/alibericopackaging.com\/fr\/wp-json\/wp\/v2\/media?parent=530"}],"curies":[{"name":"wp","href":"https:\/\/api.w.org\/{rel}","templated":true}]}}