{"id":528,"date":"2017-11-15T08:33:51","date_gmt":"2017-11-15T08:33:51","guid":{"rendered":"http:\/\/alibericopackaging.com\/?page_id=528"},"modified":"2020-06-05T14:19:11","modified_gmt":"2020-06-05T14:19:11","slug":"home","status":"publish","type":"page","link":"https:\/\/alibericopackaging.com\/fr\/","title":{"rendered":"Home"},"content":{"rendered":"\n<style type=\"text\/css\" data-created_by=\"avia_inline_auto\" id=\"style-css-av-av_two_fifth-15d750bd1b332b34c6e70b077ebbccdf\">\n.flex_column.av-av_two_fifth-15d750bd1b332b34c6e70b077ebbccdf{\nborder-radius:0px 0px 0px 0px;\npadding:0px 0px 0px 0px;\n}\n<\/style>\n<div  class='flex_column av-av_two_fifth-15d750bd1b332b34c6e70b077ebbccdf av_two_fifth  avia-builder-el-0  el_before_av_three_fifth  avia-builder-el-first  first flex_column_div av-zero-column-padding  '     ><p>\n<style type=\"text\/css\" data-created_by=\"avia_inline_auto\" id=\"style-css-av-av_heading-591432c964f8858bfd59ed2b7191b91e\">\n#top .av-special-heading.av-av_heading-591432c964f8858bfd59ed2b7191b91e{\npadding-bottom:10px;\n}\nbody .av-special-heading.av-av_heading-591432c964f8858bfd59ed2b7191b91e .av-special-heading-tag .heading-char{\nfont-size:25px;\n}\n.av-special-heading.av-av_heading-591432c964f8858bfd59ed2b7191b91e .av-subheading{\nfont-size:15px;\n}\n<\/style>\n<div  class='av-special-heading av-av_heading-591432c964f8858bfd59ed2b7191b91e av-special-heading-h2  avia-builder-el-1  el_before_av_hr  avia-builder-el-first '><h2 class='av-special-heading-tag'  itemprop=\"headline\"  >Emballages de haute qualit\u00e9 sur mesure<\/h2><div class=\"special-heading-border\"><div class=\"special-heading-inner-border\"><\/div><\/div><\/div><br \/>\n\n<style type=\"text\/css\" data-created_by=\"avia_inline_auto\" id=\"style-css-av-av_hr-bbe676ee29fcde2ee286114023beb888\">\n#top .hr.hr-invisible.av-av_hr-bbe676ee29fcde2ee286114023beb888{\nheight:15px;\n}\n<\/style>\n<div  class='hr av-av_hr-bbe676ee29fcde2ee286114023beb888 hr-invisible  avia-builder-el-2  el_after_av_heading  el_before_av_textblock '><span class='hr-inner '><span class=\"hr-inner-style\"><\/span><\/span><\/div><br \/>\n<section  class='av_textblock_section av-av_textblock-2de302bf1aa3cf4c9157dbe6f50ac7eb '   itemscope=\"itemscope\" itemtype=\"https:\/\/schema.org\/CreativeWork\" ><div class='avia_textblock'  itemprop=\"text\" ><p>Pour pouvoir les d\u00e9velopper, nous \u00e9tudions en d\u00e9tail les caract\u00e9ristiques des produits de nos clients.<\/p>\n<\/div><\/section><br \/>\n\n<style type=\"text\/css\" data-created_by=\"avia_inline_auto\" id=\"style-css-av-av_hr-fbebcb4fe7f7f93a621d8b6783460008\">\n#top .hr.hr-invisible.av-av_hr-fbebcb4fe7f7f93a621d8b6783460008{\nheight:30px;\n}\n<\/style>\n<div  class='hr av-av_hr-fbebcb4fe7f7f93a621d8b6783460008 hr-invisible  avia-builder-el-4  el_after_av_textblock  el_before_av_video '><span class='hr-inner '><span class=\"hr-inner-style\"><\/span><\/span><\/div><br \/>\n<div  class='avia-video av-av_video-fffba4ce76fcb2c9f1050d4f520aea7f avia-video-16-9 av-no-preview-image avia-video-load-always av-lazyload-immediate av-lazyload-video-embed'  itemprop=\"video\" itemtype=\"https:\/\/schema.org\/VideoObject\"  data-original_url='https:\/\/youtu.be\/oYbBaOfIya8'><script type='text\/html' class='av-video-tmpl'><div class='avia-iframe-wrap'><iframe loading=\"lazy\" title=\"Aliberico Food Packaging - Syst\u00e8mes d&#039;emballage pour les aliments\" width=\"1500\" height=\"844\" src=\"https:\/\/www.youtube.com\/embed\/oYbBaOfIya8?feature=oembed&autoplay=0&loop=0&controls=1&mute=0\" frameborder=\"0\" allow=\"accelerometer; autoplay; encrypted-media; gyroscope; picture-in-picture\" allowfullscreen><\/iframe><\/div><\/script><div class='av-click-to-play-overlay'><div class=\"avia_playpause_icon\"><\/div><\/div><\/div><\/p><\/div>\n<style type=\"text\/css\" data-created_by=\"avia_inline_auto\" id=\"style-css-av-av_three_fifth-c8fc129dc35fd1ae2a1e410224d39ea8\">\n.flex_column.av-av_three_fifth-c8fc129dc35fd1ae2a1e410224d39ea8{\nborder-radius:0px 0px 0px 0px;\npadding:0px 0px 0px 0px;\n}\n<\/style>\n<div  class='flex_column av-av_three_fifth-c8fc129dc35fd1ae2a1e410224d39ea8 av_three_fifth  avia-builder-el-6  el_after_av_two_fifth  el_before_av_section  avia-builder-el-last  flex_column_div av-zero-column-padding  '     ><div  class='avia-slideshow av-av_slideshow-4d3e6f4bd49a99f6ad73a8cdbc7e63b4 avia-slideshow-featured av_slideshow avia-slide-slider  avia-builder-el-7  avia-builder-el-no-sibling  av-slideshow-ui av-control-default av-slideshow-autoplay av-loop-endless av-loop-manual-endless av-default-height-applied avia-slideshow-1' data-slideshow-options=\"{&quot;animation&quot;:&quot;slide&quot;,&quot;autoplay&quot;:true,&quot;loop_autoplay&quot;:&quot;endless&quot;,&quot;interval&quot;:5,&quot;loop_manual&quot;:&quot;manual-endless&quot;,&quot;autoplay_stopper&quot;:false,&quot;noNavigation&quot;:false,&quot;bg_slider&quot;:false,&quot;keep_padding&quot;:false,&quot;hoverpause&quot;:false,&quot;show_slide_delay&quot;:0}\"  itemprop=\"image\" itemscope=\"itemscope\" itemtype=\"https:\/\/schema.org\/ImageObject\" ><ul class='avia-slideshow-inner ' style='padding-bottom: 61.290322580645%;'><li  class='avia-slideshow-slide av-av_slideshow-4d3e6f4bd49a99f6ad73a8cdbc7e63b4__0  slide-1 slide-odd'><div data-rel='slideshow-1' class='avia-slide-wrap '   ><img fetchpriority=\"high\" class=\"wp-image-66 avia-img-lazy-loading-not-66\"  src='https:\/\/alibericopackaging.com\/wp-content\/uploads\/2017\/11\/slider-7_aliberico_packaging.jpg' width='620' height='380' title='slider-7_aliberico_packaging' alt=''  itemprop=\"thumbnailUrl\"   \/><\/div><\/li><li  class='avia-slideshow-slide av-av_slideshow-4d3e6f4bd49a99f6ad73a8cdbc7e63b4__1  slide-2 slide-even'><div data-rel='slideshow-1' class='avia-slide-wrap '   ><img fetchpriority=\"high\" class=\"wp-image-63 avia-img-lazy-loading-not-63\"  src='https:\/\/alibericopackaging.com\/wp-content\/uploads\/2017\/11\/slider-1.jpg' width='621' height='379' title='slider-1' alt=''  itemprop=\"thumbnailUrl\"   \/><\/div><\/li><li  class='avia-slideshow-slide av-av_slideshow-4d3e6f4bd49a99f6ad73a8cdbc7e63b4__2  slide-3 slide-odd'><div data-rel='slideshow-1' class='avia-slide-wrap '   ><img fetchpriority=\"high\" class=\"wp-image-60 avia-img-lazy-loading-not-60\"  src='https:\/\/alibericopackaging.com\/wp-content\/uploads\/2017\/11\/3.jpg' width='620' height='380' title='3' alt=''  itemprop=\"thumbnailUrl\"   \/><\/div><\/li><li  class='avia-slideshow-slide av-av_slideshow-4d3e6f4bd49a99f6ad73a8cdbc7e63b4__3  slide-4 slide-even'><div data-rel='slideshow-1' class='avia-slide-wrap '   ><img fetchpriority=\"high\" class=\"wp-image-57 avia-img-lazy-loading-not-57\"  src='https:\/\/alibericopackaging.com\/wp-content\/uploads\/2017\/11\/4.jpg' width='620' height='380' title='4' alt=''  itemprop=\"thumbnailUrl\"   \/><\/div><\/li><li  class='avia-slideshow-slide av-av_slideshow-4d3e6f4bd49a99f6ad73a8cdbc7e63b4__4  slide-5 slide-odd'><div data-rel='slideshow-1' class='avia-slide-wrap '   ><img fetchpriority=\"high\" class=\"wp-image-54 avia-img-lazy-loading-not-54\"  src='https:\/\/alibericopackaging.com\/wp-content\/uploads\/2017\/11\/5_01.jpg' width='620' height='380' title='5_01' alt=''  itemprop=\"thumbnailUrl\"   \/><\/div><\/li><\/ul><div class='avia-slideshow-arrows avia-slideshow-controls' ><a href='#prev' class='prev-slide ' aria-hidden='true' data-av_icon='\ue87c' data-av_iconfont='entypo-fontello'  tabindex='-1'>Pr\u00e9c\u00e9dent<\/a><a href='#next' class='next-slide ' aria-hidden='true' data-av_icon='\ue87d' data-av_iconfont='entypo-fontello'  tabindex='-1'>Suivant<\/a><\/div><div class='avia-slideshow-dots avia-slideshow-controls'><a href='#1' class='goto-slide active' >1<\/a><a href='#2' class='goto-slide ' >2<\/a><a href='#3' class='goto-slide ' >3<\/a><a href='#4' class='goto-slide ' >4<\/a><a href='#5' class='goto-slide ' >5<\/a><\/div><\/div><\/div><\/p>\n<\/div><\/div><\/div><!-- close content main div --><\/div><\/div>\n<style type=\"text\/css\" data-created_by=\"avia_inline_auto\" id=\"style-css-av-av_section-525a8a46f1e5b706c466bd628df5fb91\">\n.avia-section.av-av_section-525a8a46f1e5b706c466bd628df5fb91{\nbackground-repeat:repeat;\nbackground-image:url(https:\/\/alibericopackaging.com\/wp-content\/uploads\/2017\/11\/fondo-x-azul.jpg);\nbackground-position:0% 0%;\nbackground-attachment:scroll;\n}\n<\/style>\n<div id='secmiddlehome'  class='avia-section av-av_section-525a8a46f1e5b706c466bd628df5fb91 main_color avia-section-default avia-no-border-styling  avia-builder-el-8  el_after_av_three_fifth  el_before_av_section  avia-bg-style-scroll container_wrap sidebar_right'  data-section-bg-repeat='repeat'><div class='container av-section-cont-open' ><div class='template-page content  av-content-small alpha units'><div class='post-entry post-entry-type-page post-entry-528'><div class='entry-content-wrapper clearfix'>\n\n<style type=\"text\/css\" data-created_by=\"avia_inline_auto\" id=\"style-css-av-av_one_half-15d750bd1b332b34c6e70b077ebbccdf\">\n.flex_column.av-av_one_half-15d750bd1b332b34c6e70b077ebbccdf{\nborder-radius:0px 0px 0px 0px;\npadding:0px 0px 0px 0px;\n}\n<\/style>\n<div  class='flex_column av-av_one_half-15d750bd1b332b34c6e70b077ebbccdf av_one_half  avia-builder-el-9  el_before_av_one_half  avia-builder-el-first  first flex_column_div av-zero-column-padding  '     ><\/div>\n<style type=\"text\/css\" data-created_by=\"avia_inline_auto\" id=\"style-css-av-av_one_half-c8fc129dc35fd1ae2a1e410224d39ea8\">\n.flex_column.av-av_one_half-c8fc129dc35fd1ae2a1e410224d39ea8{\nborder-radius:0px 0px 0px 0px;\npadding:0px 0px 0px 0px;\n}\n<\/style>\n<div  class='flex_column av-av_one_half-c8fc129dc35fd1ae2a1e410224d39ea8 av_one_half  avia-builder-el-10  el_after_av_one_half  avia-builder-el-last  flex_column_div av-zero-column-padding  '     ><style type=\"text\/css\" data-created_by=\"avia_inline_auto\" id=\"style-css-av-av_heading-5cba2c5efa318994a6467154e823149e\">\n#top .av-special-heading.av-av_heading-5cba2c5efa318994a6467154e823149e{\npadding-bottom:10px;\ncolor:#ffffff;\n}\nbody .av-special-heading.av-av_heading-5cba2c5efa318994a6467154e823149e .av-special-heading-tag .heading-char{\nfont-size:25px;\n}\n.av-special-heading.av-av_heading-5cba2c5efa318994a6467154e823149e .special-heading-inner-border{\nborder-color:#ffffff;\n}\n.av-special-heading.av-av_heading-5cba2c5efa318994a6467154e823149e .av-subheading{\nfont-size:15px;\n}\n<\/style>\n<div  class='av-special-heading av-av_heading-5cba2c5efa318994a6467154e823149e av-special-heading-h3 custom-color-heading blockquote modern-quote  avia-builder-el-11  avia-builder-el-no-sibling '><h3 class='av-special-heading-tag'  itemprop=\"headline\"  >PLUS DE 40 ANS D\u2019EXP\u00c9RIENCE ET DE TECHNOLOGIE PROPRE FONT DE NOUS UN DES PLUS GRANDS FABRICANTS D\u2019EMBALLAGES EUROP\u00c9ENS<\/h3><div class=\"special-heading-border\"><div class=\"special-heading-inner-border\"><\/div><\/div><\/div><\/div>\n\n<\/div><\/div><\/div><!-- close content main div --><\/div><\/div><div id='secbottomhome'  class='avia-section av-av_section-d95c38f065cf80f85bc5f5b23431c9c3 main_color avia-section-small avia-no-border-styling  avia-builder-el-12  el_after_av_section  avia-builder-el-last  avia-bg-style-scroll container_wrap sidebar_right'  ><div class='container av-section-cont-open' ><div class='template-page content  av-content-small alpha units'><div class='post-entry post-entry-type-page post-entry-528'><div class='entry-content-wrapper clearfix'>\n<div class='flex_column_table av-av_one_third-441a7838128b2280875abb5743f91e60 sc-av_one_third av-equal-height-column-flextable'>\n<style type=\"text\/css\" data-created_by=\"avia_inline_auto\" id=\"style-css-av-av_one_third-441a7838128b2280875abb5743f91e60\">\n.flex_column.av-av_one_third-441a7838128b2280875abb5743f91e60{\nborder-radius:0px 0px 0px 0px;\npadding:0px 0px 0px 0px;\nbackground-color:#f7f7f7;\n}\n<\/style>\n<div  class='flex_column av-av_one_third-441a7838128b2280875abb5743f91e60 av_one_third  avia-builder-el-13  el_before_av_one_third  avia-builder-el-first  first flex_column_table_cell av-equal-height-column av-align-top av-zero-column-padding  '     ><p>\n<style type=\"text\/css\" data-created_by=\"avia_inline_auto\" id=\"style-css-av-av_heading-5825fa2f047265a8fe3dcdd3fdff6566\">\n#top .av-special-heading.av-av_heading-5825fa2f047265a8fe3dcdd3fdff6566{\npadding-bottom:10px;\ncolor:#ffffff;\n}\nbody .av-special-heading.av-av_heading-5825fa2f047265a8fe3dcdd3fdff6566 .av-special-heading-tag .heading-char{\nfont-size:25px;\n}\n.av-special-heading.av-av_heading-5825fa2f047265a8fe3dcdd3fdff6566 .special-heading-inner-border{\nborder-color:#ffffff;\n}\n.av-special-heading.av-av_heading-5825fa2f047265a8fe3dcdd3fdff6566 .av-subheading{\nfont-size:15px;\n}\n<\/style>\n<div  class='av-special-heading av-av_heading-5825fa2f047265a8fe3dcdd3fdff6566 av-special-heading-h3 custom-color-heading blockquote modern-quote  avia-builder-el-14  el_before_av_textblock  avia-builder-el-first '><h3 class='av-special-heading-tag'  itemprop=\"headline\"  >Solutions<\/h3><div class=\"special-heading-border\"><div class=\"special-heading-inner-border\"><\/div><\/div><\/div><br \/>\n<section  class='av_textblock_section av-av_textblock-2de302bf1aa3cf4c9157dbe6f50ac7eb '   itemscope=\"itemscope\" itemtype=\"https:\/\/schema.org\/CreativeWork\" ><div class='avia_textblock'  itemprop=\"text\" ><div style=\"padding: 20px!important;\">\n<ul class=\"list-category-home\">\n<li><a class=\"internal-link\" title=\"Abre Bobinas en la ventana actual\" href=\"http:\/\/alibericopackaging.com\/fr\/produits\/aluminium\">ALUMINIUM<\/a><\/li>\n<li><a class=\"internal-link\" title=\"Abre Bobinas en la ventana actual\" href=\"http:\/\/alibericopackaging.com\/fr\/produits\/rouleaux\">ROULEAUX<\/a><\/li>\n<li><a class=\"internal-link\" title=\"Abre Tapas en la ventana actual\" href=\"http:\/\/alibericopackaging.com\/fr\/produits\/couvercles\">COUVERCLES<\/a><\/li>\n<li><a class=\"internal-link\" title=\"Abre Sistema Catering en la ventana actual\" href=\"http:\/\/alibericopackaging.com\/fr\/produits\/traiteur\">TRAITEUR<\/a><\/li>\n<li><a class=\"internal-link\" title=\"Abre Pl\u00e1stico\/Tarrinas en la ventana actual\" href=\"http:\/\/alibericopackaging.com\/fr\/produits\/plastique\">PLASTIQUE<\/a><\/li>\n<li><a class=\"internal-link\" title=\"Abre Palco Bio en la ventana actual\" href=\"http:\/\/alibericopackaging.com\/fr\/produits\/palco-bio\">PALCO BIO<\/a><\/li>\n<\/ul>\n<\/div>\n<\/div><\/section><\/p><\/div><div class='av-flex-placeholder'><\/div>\n<style type=\"text\/css\" data-created_by=\"avia_inline_auto\" id=\"style-css-av-av_one_third-0684e5e68c23b702bb4887702870cdbc\">\n.flex_column.av-av_one_third-0684e5e68c23b702bb4887702870cdbc{\nborder-radius:0px 0px 0px 0px;\npadding:0px 0px 0px 0px;\nbackground-color:#f7f7f7;\n}\n<\/style>\n<div  class='flex_column av-av_one_third-0684e5e68c23b702bb4887702870cdbc av_one_third  avia-builder-el-16  el_after_av_one_third  el_before_av_one_third  flex_column_table_cell av-equal-height-column av-align-top av-zero-column-padding  '     ><p>\n<style type=\"text\/css\" data-created_by=\"avia_inline_auto\" id=\"style-css-av-av_heading-47259c4fc713e4f28771954890684999\">\n#top .av-special-heading.av-av_heading-47259c4fc713e4f28771954890684999{\npadding-bottom:10px;\ncolor:#ffffff;\n}\nbody .av-special-heading.av-av_heading-47259c4fc713e4f28771954890684999 .av-special-heading-tag .heading-char{\nfont-size:25px;\n}\n.av-special-heading.av-av_heading-47259c4fc713e4f28771954890684999 .special-heading-inner-border{\nborder-color:#ffffff;\n}\n.av-special-heading.av-av_heading-47259c4fc713e4f28771954890684999 .av-subheading{\nfont-size:15px;\n}\n<\/style>\n<div  class='av-special-heading av-av_heading-47259c4fc713e4f28771954890684999 av-special-heading-h3 custom-color-heading blockquote modern-quote  avia-builder-el-17  el_before_av_textblock  avia-builder-el-first '><h3 class='av-special-heading-tag'  itemprop=\"headline\"  >Mot de client<\/h3><div class=\"special-heading-border\"><div class=\"special-heading-inner-border\"><\/div><\/div><\/div><br \/>\n<section  class='av_textblock_section av-av_textblock-2de302bf1aa3cf4c9157dbe6f50ac7eb '   itemscope=\"itemscope\" itemtype=\"https:\/\/schema.org\/CreativeWork\" ><div class='avia_textblock'  itemprop=\"text\" ><div style=\"padding: 20px!important;\">\n<h4><span class=\"word1\"><span class=\"character1\">C<\/span>arleigh<\/span>\u00a0Kleiber<\/h4>\n<p>\u201cAvec Alib\u00e9rico Food Packaging vous avez la tranquillit\u00e9 de pouvoir utiliser des emballages de haute qualit\u00e9 pour votre commerce sans redouter les impr\u00e9vus. De plus, les r\u00e9cipients laqu\u00e9s ne contiennent pas de BPA et s\u2019adaptent \u00e0 tous mes besoins. Ils sont totalement flexibles avec le client \u201d.<\/p>\n<\/div>\n<\/div><\/section><\/p><\/div><div class='av-flex-placeholder'><\/div>\n<style type=\"text\/css\" data-created_by=\"avia_inline_auto\" id=\"style-css-av-av_one_third-0684e5e68c23b702bb4887702870cdbc\">\n.flex_column.av-av_one_third-0684e5e68c23b702bb4887702870cdbc{\nborder-radius:0px 0px 0px 0px;\npadding:0px 0px 0px 0px;\nbackground-color:#f7f7f7;\n}\n<\/style>\n<div  class='flex_column av-av_one_third-0684e5e68c23b702bb4887702870cdbc av_one_third  avia-builder-el-19  el_after_av_one_third  avia-builder-el-last  flex_column_table_cell av-equal-height-column av-align-top av-zero-column-padding  '     ><p>\n<style type=\"text\/css\" data-created_by=\"avia_inline_auto\" id=\"style-css-av-av_heading-89c3f204272444ac4fc21a39e482096d\">\n#top .av-special-heading.av-av_heading-89c3f204272444ac4fc21a39e482096d{\npadding-bottom:10px;\ncolor:#ffffff;\n}\nbody .av-special-heading.av-av_heading-89c3f204272444ac4fc21a39e482096d .av-special-heading-tag .heading-char{\nfont-size:25px;\n}\n.av-special-heading.av-av_heading-89c3f204272444ac4fc21a39e482096d .special-heading-inner-border{\nborder-color:#ffffff;\n}\n.av-special-heading.av-av_heading-89c3f204272444ac4fc21a39e482096d .av-subheading{\nfont-size:15px;\n}\n<\/style>\n<div  class='av-special-heading av-av_heading-89c3f204272444ac4fc21a39e482096d av-special-heading-h3 custom-color-heading blockquote modern-quote  avia-builder-el-20  el_before_av_magazine  avia-builder-el-first '><h3 class='av-special-heading-tag'  itemprop=\"headline\"  >Actualit\u00e9<\/h3><div class=\"special-heading-border\"><div class=\"special-heading-inner-border\"><\/div><\/div><\/div><br \/>\n<div  id=\"avia-magazine-1\"  class='av-magazine av-av_magazine-cebd999ebfbe01157c8dfe2b013594f1 av-magazine-hero-top  avia-builder-el-21  el_after_av_heading  avia-builder-el-last   avia-builder-el-21  el_after_av_heading  avia-builder-el-last ' ><div class='av-magazine-group sort_all'><div class='av-magazine-hero first '><article class='av-magazine-entry av-magazine-entry-id-2696 av-magazine-format-standard av-magazine-type-post av-magazine-entry-1 av-magazine-entry-big '  itemscope=\"itemscope\" itemtype=\"https:\/\/schema.org\/CreativeWork\" ><div class=\"av-magazine-thumbnail\"><a href='https:\/\/alibericopackaging.com\/fr\/aliberico-food-packaging-advances-its-sustainability-strategy-by-joining-the-united-nations-global-compact\/' title='Lier vers : ALIBERICO FOOD PACKAGING advances its sustainability strategy by joining the United Nations Global Compact' class='av-magazine-thumbnail-link'><img decoding=\"async\" fetchpriority=\"high\" width=\"710\" height=\"375\" src=\"https:\/\/alibericopackaging.com\/wp-content\/uploads\/2025\/10\/Pacto-Mundial-AFP-710x375.jpg\" class=\"wp-image-2690 avia-img-lazy-loading-not-2690 attachment-magazine size-magazine wp-post-image\" alt=\"\" \/><\/a><\/div><div class=\"av-magazine-content-wrap\"><header class=\"entry-content-header\"><time class='av-magazine-time updated'  itemprop=\"datePublished\" datetime=\"2025-10-23T09:34:09+00:00\" >23 octobre 2025<\/time><h3 class='av-magazine-title entry-title '  itemprop=\"headline\" ><a href='https:\/\/alibericopackaging.com\/fr\/aliberico-food-packaging-advances-its-sustainability-strategy-by-joining-the-united-nations-global-compact\/' title='Lier vers : ALIBERICO FOOD PACKAGING advances its sustainability strategy by joining the United Nations Global Compact'>ALIBERICO FOOD PACKAGING advances its sustainability strategy by joining the United Nations Global Compact<\/a><\/h3><\/header><div class='av-magazine-content entry-content'  itemprop=\"text\" ><p>ALIBERICO FOOD PACKAGING, a company specialized in manufacturing\u2026<\/p>\n<\/div><\/div><footer class=\"entry-footer\"><\/footer><\/article><\/div><\/div><\/div><\/p><\/div><\/div><!--close column table wrapper. Autoclose: 1 -->\n<\/div><\/div><\/div><!-- close content main div --><\/div><\/div><div id='after_section_2'  class='main_color av_default_container_wrap container_wrap sidebar_right'  ><div class='container av-section-cont-open' ><div class='template-page content  av-content-small alpha units'><div class='post-entry post-entry-type-page post-entry-528'><div class='entry-content-wrapper clearfix'>\n","protected":false},"excerpt":{"rendered":"","protected":false},"author":4,"featured_media":0,"parent":0,"menu_order":0,"comment_status":"closed","ping_status":"closed","template":"","meta":{"footnotes":""},"class_list":["post-528","page","type-page","status-publish","hentry"],"_links":{"self":[{"href":"https:\/\/alibericopackaging.com\/fr\/wp-json\/wp\/v2\/pages\/528","targetHints":{"allow":["GET"]}}],"collection":[{"href":"https:\/\/alibericopackaging.com\/fr\/wp-json\/wp\/v2\/pages"}],"about":[{"href":"https:\/\/alibericopackaging.com\/fr\/wp-json\/wp\/v2\/types\/page"}],"author":[{"embeddable":true,"href":"https:\/\/alibericopackaging.com\/fr\/wp-json\/wp\/v2\/users\/4"}],"replies":[{"embeddable":true,"href":"https:\/\/alibericopackaging.com\/fr\/wp-json\/wp\/v2\/comments?post=528"}],"version-history":[{"count":5,"href":"https:\/\/alibericopackaging.com\/fr\/wp-json\/wp\/v2\/pages\/528\/revisions"}],"predecessor-version":[{"id":2257,"href":"https:\/\/alibericopackaging.com\/fr\/wp-json\/wp\/v2\/pages\/528\/revisions\/2257"}],"wp:attachment":[{"href":"https:\/\/alibericopackaging.com\/fr\/wp-json\/wp\/v2\/media?parent=528"}],"curies":[{"name":"wp","href":"https:\/\/api.w.org\/{rel}","templated":true}]}}