{"id":1583,"date":"2017-11-20T09:13:09","date_gmt":"2017-11-20T09:13:09","guid":{"rendered":"http:\/\/alibericopackaging.com\/?page_id=1583"},"modified":"2017-11-20T09:13:09","modified_gmt":"2017-11-20T09:13:09","slug":"palco-bio","status":"publish","type":"page","link":"https:\/\/alibericopackaging.com\/fr\/produits\/palco-bio\/","title":{"rendered":"Palco Bio"},"content":{"rendered":"<div class='flex_column_table av-av_three_fourth-b496d50390b32fac779c65c292e3b8b4 sc-av_three_fourth av-equal-height-column-flextable'>\n<style type=\"text\/css\" data-created_by=\"avia_inline_auto\" id=\"style-css-av-av_three_fourth-b496d50390b32fac779c65c292e3b8b4\">\n.flex_column.av-av_three_fourth-b496d50390b32fac779c65c292e3b8b4{\nborder-radius:0px 0px 0px 0px;\npadding:40px 20px 20px 20px;\nbackground-color:#1a478d;\n}\n<\/style>\n<div  class='flex_column av-av_three_fourth-b496d50390b32fac779c65c292e3b8b4 av_three_fourth  avia-builder-el-0  el_before_av_one_fourth  avia-builder-el-first  first no_margin flex_column_table_cell av-equal-height-column av-align-top  '     ><p>\n<style type=\"text\/css\" data-created_by=\"avia_inline_auto\" id=\"style-css-av-av_heading-ad98780e7bf83e11fcd1e5bdc62c7c56\">\n#top .av-special-heading.av-av_heading-ad98780e7bf83e11fcd1e5bdc62c7c56{\npadding-bottom:10px;\ncolor:#ffffff;\n}\nbody .av-special-heading.av-av_heading-ad98780e7bf83e11fcd1e5bdc62c7c56 .av-special-heading-tag .heading-char{\nfont-size:25px;\n}\n.av-special-heading.av-av_heading-ad98780e7bf83e11fcd1e5bdc62c7c56 .special-heading-inner-border{\nborder-color:#ffffff;\n}\n.av-special-heading.av-av_heading-ad98780e7bf83e11fcd1e5bdc62c7c56 .av-subheading{\nfont-size:15px;\n}\n<\/style>\n<div  class='av-special-heading av-av_heading-ad98780e7bf83e11fcd1e5bdc62c7c56 av-special-heading-h2 custom-color-heading blockquote modern-quote  avia-builder-el-1  el_before_av_textblock  avia-builder-el-first '><h2 class='av-special-heading-tag'  itemprop=\"headline\"  >PALCO BIO<\/h2><div class=\"special-heading-border\"><div class=\"special-heading-inner-border\"><\/div><\/div><\/div><br \/>\n\n<style type=\"text\/css\" data-created_by=\"avia_inline_auto\" id=\"style-css-av-av_textblock-dd2387397296c1a314b0b5f4a3f918a3\">\n#top .av_textblock_section.av-av_textblock-dd2387397296c1a314b0b5f4a3f918a3 .avia_textblock{\ncolor:#ffffff;\n}\n<\/style>\n<section  class='av_textblock_section av-av_textblock-dd2387397296c1a314b0b5f4a3f918a3 '   itemscope=\"itemscope\" itemtype=\"https:\/\/schema.org\/CreativeWork\" ><div class='avia_textblock av_inherit_color'  itemprop=\"text\" ><div class=\"column column-1 twoThird p96w3c13\">\n<p>Produit 100% biod\u00e9gradable fabriqu\u00e9 \u00e0 partir de fibre v\u00e9g\u00e9tale de canne \u00e0 sucre.<\/p>\n<\/div>\n<\/div><\/section><\/p><\/div>\n<style type=\"text\/css\" data-created_by=\"avia_inline_auto\" id=\"style-css-av-av_one_fourth-6a4ce7ac888cacc2257b8a7903e6a5b0\">\n.flex_column.av-av_one_fourth-6a4ce7ac888cacc2257b8a7903e6a5b0{\nborder-radius:0px 0px 0px 0px;\npadding:0px 0px 0px 0px;\nbackground:url(https:\/\/alibericopackaging.com\/wp-content\/uploads\/2017\/11\/palco-bio-2.jpg.jpg) 50% 50% no-repeat scroll ;\n}\n<\/style>\n<div  class='flex_column av-av_one_fourth-6a4ce7ac888cacc2257b8a7903e6a5b0 av_one_fourth  avia-builder-el-3  el_after_av_three_fourth  el_before_av_hr  no_margin flex_column_table_cell av-equal-height-column av-align-top av-zero-column-padding avia-full-stretch  '     ><\/div><\/div><!--close column table wrapper. Autoclose: 1 --><\/p>\n\n<style type=\"text\/css\" data-created_by=\"avia_inline_auto\" id=\"style-css-av-av_hr-4474f20d2389e2e5ecf918a02da5132e\">\n#top .hr.hr-invisible.av-av_hr-4474f20d2389e2e5ecf918a02da5132e{\nheight:50px;\n}\n<\/style>\n<div  class='hr av-av_hr-4474f20d2389e2e5ecf918a02da5132e hr-invisible  avia-builder-el-4  el_after_av_one_fourth  el_before_av_textblock '><span class='hr-inner '><span class=\"hr-inner-style\"><\/span><\/span><\/div>\n<section  class='av_textblock_section av-av_textblock-2de302bf1aa3cf4c9157dbe6f50ac7eb '   itemscope=\"itemscope\" itemtype=\"https:\/\/schema.org\/CreativeWork\" ><div class='avia_textblock'  itemprop=\"text\" ><h3><span class=\"word1\"><span class=\"character1\">U<\/span>n<\/span>\u00a0produit innovateur<\/h3>\n<p>Conform\u00e9ment \u00e0 la politique environnementale du groupe Alib\u00e9rico, Palco pr\u00e9sente un produit innovateur. Un produit 100% biod\u00e9gradable fait \u00e0 partir de fibre v\u00e9g\u00e9tale de canne \u00e0 sucre.<\/p>\n<p><b>Palco Bio\u00a0<\/b>pr\u00e9sente une large gamme de produits, des barquettes alimentaires permettant la conservation et gardant la fra\u00eecheur des pr\u00e9parations.<\/p>\n<p>Ils fournissent aussi l&rsquo;\u00e9quipement pour emballer correctement (proper filling) et fermer le r\u00e9cipient en aluminium.<\/p>\n<p>Les processus commencent avec la canne \u00e0 sucre. Elle est par la suite \u00e9cras\u00e9e et on en extrait la fibre. Puis elle est moul\u00e9e, donnant le meilleur au client, en passant sous un syst\u00e8me de stabilisation d&rsquo;UV pour garantir une qualit\u00e9 sup\u00e9rieure et une s\u00e9curit\u00e9 des produits alimentaires.<\/p>\n<p>Les emballages de Palco Bio ont commenc\u00e9 \u00e0 \u00eatre commercialis\u00e9s en Espagne et au Portugal depuis le 1er janvier 2008.<\/p>\n<\/div><\/section>\n","protected":false},"excerpt":{"rendered":"","protected":false},"author":4,"featured_media":0,"parent":542,"menu_order":7,"comment_status":"closed","ping_status":"closed","template":"","meta":{"footnotes":""},"class_list":["post-1583","page","type-page","status-publish","hentry"],"_links":{"self":[{"href":"https:\/\/alibericopackaging.com\/fr\/wp-json\/wp\/v2\/pages\/1583","targetHints":{"allow":["GET"]}}],"collection":[{"href":"https:\/\/alibericopackaging.com\/fr\/wp-json\/wp\/v2\/pages"}],"about":[{"href":"https:\/\/alibericopackaging.com\/fr\/wp-json\/wp\/v2\/types\/page"}],"author":[{"embeddable":true,"href":"https:\/\/alibericopackaging.com\/fr\/wp-json\/wp\/v2\/users\/4"}],"replies":[{"embeddable":true,"href":"https:\/\/alibericopackaging.com\/fr\/wp-json\/wp\/v2\/comments?post=1583"}],"version-history":[{"count":1,"href":"https:\/\/alibericopackaging.com\/fr\/wp-json\/wp\/v2\/pages\/1583\/revisions"}],"predecessor-version":[{"id":1584,"href":"https:\/\/alibericopackaging.com\/fr\/wp-json\/wp\/v2\/pages\/1583\/revisions\/1584"}],"up":[{"embeddable":true,"href":"https:\/\/alibericopackaging.com\/fr\/wp-json\/wp\/v2\/pages\/542"}],"wp:attachment":[{"href":"https:\/\/alibericopackaging.com\/fr\/wp-json\/wp\/v2\/media?parent=1583"}],"curies":[{"name":"wp","href":"https:\/\/api.w.org\/{rel}","templated":true}]}}