{"id":1581,"date":"2017-11-20T09:08:09","date_gmt":"2017-11-20T09:08:09","guid":{"rendered":"http:\/\/alibericopackaging.com\/?page_id=1581"},"modified":"2017-11-20T09:08:09","modified_gmt":"2017-11-20T09:08:09","slug":"traiteur","status":"publish","type":"page","link":"https:\/\/alibericopackaging.com\/fr\/produits\/traiteur\/","title":{"rendered":"Traiteur"},"content":{"rendered":"<div class='flex_column_table av-av_three_fourth-b496d50390b32fac779c65c292e3b8b4 sc-av_three_fourth av-equal-height-column-flextable'>\n<style type=\"text\/css\" data-created_by=\"avia_inline_auto\" id=\"style-css-av-av_three_fourth-b496d50390b32fac779c65c292e3b8b4\">\n.flex_column.av-av_three_fourth-b496d50390b32fac779c65c292e3b8b4{\nborder-radius:0px 0px 0px 0px;\npadding:40px 20px 20px 20px;\nbackground-color:#1a478d;\n}\n<\/style>\n<div  class='flex_column av-av_three_fourth-b496d50390b32fac779c65c292e3b8b4 av_three_fourth  avia-builder-el-0  el_before_av_one_fourth  avia-builder-el-first  first no_margin flex_column_table_cell av-equal-height-column av-align-top  '     ><p>\n<style type=\"text\/css\" data-created_by=\"avia_inline_auto\" id=\"style-css-av-av_heading-21e190f16ebb74cc7cbd3674d84ae3e2\">\n#top .av-special-heading.av-av_heading-21e190f16ebb74cc7cbd3674d84ae3e2{\npadding-bottom:10px;\ncolor:#ffffff;\n}\nbody .av-special-heading.av-av_heading-21e190f16ebb74cc7cbd3674d84ae3e2 .av-special-heading-tag .heading-char{\nfont-size:25px;\n}\n.av-special-heading.av-av_heading-21e190f16ebb74cc7cbd3674d84ae3e2 .special-heading-inner-border{\nborder-color:#ffffff;\n}\n.av-special-heading.av-av_heading-21e190f16ebb74cc7cbd3674d84ae3e2 .av-subheading{\nfont-size:15px;\n}\n<\/style>\n<div  class='av-special-heading av-av_heading-21e190f16ebb74cc7cbd3674d84ae3e2 av-special-heading-h2 custom-color-heading blockquote modern-quote  avia-builder-el-1  el_before_av_textblock  avia-builder-el-first '><h2 class='av-special-heading-tag'  itemprop=\"headline\"  >TRAITEUR<\/h2><div class=\"special-heading-border\"><div class=\"special-heading-inner-border\"><\/div><\/div><\/div><br \/>\n\n<style type=\"text\/css\" data-created_by=\"avia_inline_auto\" id=\"style-css-av-av_textblock-dd2387397296c1a314b0b5f4a3f918a3\">\n#top .av_textblock_section.av-av_textblock-dd2387397296c1a314b0b5f4a3f918a3 .avia_textblock{\ncolor:#ffffff;\n}\n<\/style>\n<section  class='av_textblock_section av-av_textblock-dd2387397296c1a314b0b5f4a3f918a3 '   itemscope=\"itemscope\" itemtype=\"https:\/\/schema.org\/CreativeWork\" ><div class='avia_textblock av_inherit_color'  itemprop=\"text\" ><p>R\u00e9cipients et couvercles personnalis\u00e9es avec diff\u00e9rentes formes et couleurs, sp\u00e9cialement con\u00e7us pour les traiteurs de la s\u00e9rie 35<\/p>\n<\/div><\/section><\/p><\/div>\n<style type=\"text\/css\" data-created_by=\"avia_inline_auto\" id=\"style-css-av-av_one_fourth-96ca33982eda43dd3dae78c94bed5def\">\n.flex_column.av-av_one_fourth-96ca33982eda43dd3dae78c94bed5def{\nborder-radius:0px 0px 0px 0px;\npadding:0px 0px 0px 0px;\nbackground:url(https:\/\/alibericopackaging.com\/wp-content\/uploads\/2017\/11\/Sistema_catering.jpg.jpg) 50% 50% no-repeat scroll ;\n}\n<\/style>\n<div  class='flex_column av-av_one_fourth-96ca33982eda43dd3dae78c94bed5def av_one_fourth  avia-builder-el-3  el_after_av_three_fourth  el_before_av_heading  no_margin flex_column_table_cell av-equal-height-column av-align-top av-zero-column-padding avia-full-stretch  '     ><\/div><\/div><!--close column table wrapper. Autoclose: 1 --><\/p>\n\n<style type=\"text\/css\" data-created_by=\"avia_inline_auto\" id=\"style-css-av-av_heading-22c867da00a5cf716a88ce83674557bc\">\n#top .av-special-heading.av-av_heading-22c867da00a5cf716a88ce83674557bc{\npadding-bottom:10px;\n}\nbody .av-special-heading.av-av_heading-22c867da00a5cf716a88ce83674557bc .av-special-heading-tag .heading-char{\nfont-size:25px;\n}\n.av-special-heading.av-av_heading-22c867da00a5cf716a88ce83674557bc .av-subheading{\nfont-size:15px;\n}\n<\/style>\n<div  class='av-special-heading av-av_heading-22c867da00a5cf716a88ce83674557bc av-special-heading-h3 blockquote modern-quote  avia-builder-el-4  el_after_av_one_fourth  el_before_av_two_third '><h3 class='av-special-heading-tag'  itemprop=\"headline\"  >Aluminium pour les Traiteurs<\/h3><div class=\"special-heading-border\"><div class=\"special-heading-inner-border\"><\/div><\/div><\/div>\n\n<style type=\"text\/css\" data-created_by=\"avia_inline_auto\" id=\"style-css-av-av_two_third-15d750bd1b332b34c6e70b077ebbccdf\">\n.flex_column.av-av_two_third-15d750bd1b332b34c6e70b077ebbccdf{\nborder-radius:0px 0px 0px 0px;\npadding:0px 0px 0px 0px;\n}\n<\/style>\n<div  class='flex_column av-av_two_third-15d750bd1b332b34c6e70b077ebbccdf av_two_third  avia-builder-el-5  el_after_av_heading  el_before_av_one_third  first flex_column_div av-zero-column-padding  '     ><style type=\"text\/css\" data-created_by=\"avia_inline_auto\" id=\"style-css-av-av_image-4b14e252f3a6c4459af380f932491a0a\">\n.avia-image-container.av-av_image-4b14e252f3a6c4459af380f932491a0a img.avia_image{\nbox-shadow:none;\n}\n.avia-image-container.av-av_image-4b14e252f3a6c4459af380f932491a0a .av-image-caption-overlay-center{\ncolor:#ffffff;\n}\n<\/style>\n<div  class='avia-image-container av-av_image-4b14e252f3a6c4459af380f932491a0a av-styling-no-styling avia-align-center  avia-builder-el-6  avia-builder-el-no-sibling '   itemprop=\"image\" itemscope=\"itemscope\" itemtype=\"https:\/\/schema.org\/ImageObject\" ><div class=\"avia-image-container-inner\"><div class=\"avia-image-overlay-wrap\"><img fetchpriority=\"high\" class='wp-image-909 avia-img-lazy-loading-not-909 avia_image ' src='https:\/\/alibericopackaging.com\/wp-content\/uploads\/2017\/11\/Aluminio-Catering-1.jpg.jpg' alt='' title='Aluminio-Catering-1.jpg'  height=\"297\" width=\"460\"  itemprop=\"thumbnailUrl\"  \/><\/div><\/div><\/div><\/div>\n\n<style type=\"text\/css\" data-created_by=\"avia_inline_auto\" id=\"style-css-av-av_one_third-c8fc129dc35fd1ae2a1e410224d39ea8\">\n.flex_column.av-av_one_third-c8fc129dc35fd1ae2a1e410224d39ea8{\nborder-radius:0px 0px 0px 0px;\npadding:0px 0px 0px 0px;\n}\n<\/style>\n<div  class='flex_column av-av_one_third-c8fc129dc35fd1ae2a1e410224d39ea8 av_one_third  avia-builder-el-7  el_after_av_two_third  el_before_av_two_third  flex_column_div av-zero-column-padding  '     ><style type=\"text\/css\" data-created_by=\"avia_inline_auto\" id=\"style-css-av-av_image-75bf45c05154e8c85deacd45d0747e59\">\n.avia-image-container.av-av_image-75bf45c05154e8c85deacd45d0747e59 img.avia_image{\nbox-shadow:none;\n}\n.avia-image-container.av-av_image-75bf45c05154e8c85deacd45d0747e59 .av-image-caption-overlay-center{\ncolor:#ffffff;\n}\n<\/style>\n<div  class='avia-image-container av-av_image-75bf45c05154e8c85deacd45d0747e59 av-styling-no-styling avia-align-center  avia-builder-el-8  avia-builder-el-no-sibling '   itemprop=\"image\" itemscope=\"itemscope\" itemtype=\"https:\/\/schema.org\/ImageObject\" ><div class=\"avia-image-container-inner\"><div class=\"avia-image-overlay-wrap\"><img fetchpriority=\"high\" class='wp-image-915 avia-img-lazy-loading-not-915 avia_image ' src='https:\/\/alibericopackaging.com\/wp-content\/uploads\/2017\/11\/info_catering-1.jpg' alt='' title='info_catering-1'  height=\"262\" width=\"218\"  itemprop=\"thumbnailUrl\"  \/><\/div><\/div><\/div><\/div>\n\n<style type=\"text\/css\" data-created_by=\"avia_inline_auto\" id=\"style-css-av-av_two_third-15d750bd1b332b34c6e70b077ebbccdf\">\n.flex_column.av-av_two_third-15d750bd1b332b34c6e70b077ebbccdf{\nborder-radius:0px 0px 0px 0px;\npadding:0px 0px 0px 0px;\n}\n<\/style>\n<div  class='flex_column av-av_two_third-15d750bd1b332b34c6e70b077ebbccdf av_two_third  avia-builder-el-9  el_after_av_one_third  el_before_av_one_third  first flex_column_div av-zero-column-padding  column-top-margin'     ><style type=\"text\/css\" data-created_by=\"avia_inline_auto\" id=\"style-css-av-av_image-afff09c6b2095c980f2e1926a260d465\">\n.avia-image-container.av-av_image-afff09c6b2095c980f2e1926a260d465 img.avia_image{\nbox-shadow:none;\n}\n.avia-image-container.av-av_image-afff09c6b2095c980f2e1926a260d465 .av-image-caption-overlay-center{\ncolor:#ffffff;\n}\n<\/style>\n<div  class='avia-image-container av-av_image-afff09c6b2095c980f2e1926a260d465 av-styling-no-styling avia-align-center  avia-builder-el-10  avia-builder-el-no-sibling '   itemprop=\"image\" itemscope=\"itemscope\" itemtype=\"https:\/\/schema.org\/ImageObject\" ><div class=\"avia-image-container-inner\"><div class=\"avia-image-overlay-wrap\"><img fetchpriority=\"high\" class='wp-image-912 avia-img-lazy-loading-not-912 avia_image ' src='https:\/\/alibericopackaging.com\/wp-content\/uploads\/2017\/11\/Aluminio-Catering-2.jpg.jpg' alt='' title='Aluminio-Catering-2.jpg'  height=\"261\" width=\"460\"  itemprop=\"thumbnailUrl\"  \/><\/div><\/div><\/div><\/div>\n\n<style type=\"text\/css\" data-created_by=\"avia_inline_auto\" id=\"style-css-av-av_one_third-c8fc129dc35fd1ae2a1e410224d39ea8\">\n.flex_column.av-av_one_third-c8fc129dc35fd1ae2a1e410224d39ea8{\nborder-radius:0px 0px 0px 0px;\npadding:0px 0px 0px 0px;\n}\n<\/style>\n<div  class='flex_column av-av_one_third-c8fc129dc35fd1ae2a1e410224d39ea8 av_one_third  avia-builder-el-11  el_after_av_two_third  avia-builder-el-last  flex_column_div av-zero-column-padding  column-top-margin'     ><style type=\"text\/css\" data-created_by=\"avia_inline_auto\" id=\"style-css-av-av_image-3a48d6c25129d0a71d8fec39ff8b3310\">\n.avia-image-container.av-av_image-3a48d6c25129d0a71d8fec39ff8b3310 img.avia_image{\nbox-shadow:none;\n}\n.avia-image-container.av-av_image-3a48d6c25129d0a71d8fec39ff8b3310 .av-image-caption-overlay-center{\ncolor:#ffffff;\n}\n<\/style>\n<div  class='avia-image-container av-av_image-3a48d6c25129d0a71d8fec39ff8b3310 av-styling-no-styling avia-align-center  avia-builder-el-12  avia-builder-el-no-sibling '   itemprop=\"image\" itemscope=\"itemscope\" itemtype=\"https:\/\/schema.org\/ImageObject\" ><div class=\"avia-image-container-inner\"><div class=\"avia-image-overlay-wrap\"><img fetchpriority=\"high\" class='wp-image-918 avia-img-lazy-loading-not-918 avia_image ' src='https:\/\/alibericopackaging.com\/wp-content\/uploads\/2017\/11\/info_catering-2.jpg.jpg' alt='' title='info_catering-2.jpg'  height=\"270\" width=\"220\"  itemprop=\"thumbnailUrl\"  \/><\/div><\/div><\/div><\/div>\n","protected":false},"excerpt":{"rendered":"","protected":false},"author":4,"featured_media":0,"parent":542,"menu_order":5,"comment_status":"closed","ping_status":"closed","template":"","meta":{"footnotes":""},"class_list":["post-1581","page","type-page","status-publish","hentry"],"_links":{"self":[{"href":"https:\/\/alibericopackaging.com\/fr\/wp-json\/wp\/v2\/pages\/1581","targetHints":{"allow":["GET"]}}],"collection":[{"href":"https:\/\/alibericopackaging.com\/fr\/wp-json\/wp\/v2\/pages"}],"about":[{"href":"https:\/\/alibericopackaging.com\/fr\/wp-json\/wp\/v2\/types\/page"}],"author":[{"embeddable":true,"href":"https:\/\/alibericopackaging.com\/fr\/wp-json\/wp\/v2\/users\/4"}],"replies":[{"embeddable":true,"href":"https:\/\/alibericopackaging.com\/fr\/wp-json\/wp\/v2\/comments?post=1581"}],"version-history":[{"count":1,"href":"https:\/\/alibericopackaging.com\/fr\/wp-json\/wp\/v2\/pages\/1581\/revisions"}],"predecessor-version":[{"id":1582,"href":"https:\/\/alibericopackaging.com\/fr\/wp-json\/wp\/v2\/pages\/1581\/revisions\/1582"}],"up":[{"embeddable":true,"href":"https:\/\/alibericopackaging.com\/fr\/wp-json\/wp\/v2\/pages\/542"}],"wp:attachment":[{"href":"https:\/\/alibericopackaging.com\/fr\/wp-json\/wp\/v2\/media?parent=1581"}],"curies":[{"name":"wp","href":"https:\/\/api.w.org\/{rel}","templated":true}]}}