{"id":1578,"date":"2017-11-20T09:05:19","date_gmt":"2017-11-20T09:05:19","guid":{"rendered":"http:\/\/alibericopackaging.com\/?page_id=1578"},"modified":"2017-11-20T09:05:19","modified_gmt":"2017-11-20T09:05:19","slug":"machines-a-sceller","status":"publish","type":"page","link":"https:\/\/alibericopackaging.com\/fr\/produits\/couvercles\/machines-a-sceller\/","title":{"rendered":"Machines \u00e0 sceller"},"content":{"rendered":"<div class='flex_column_table av-av_four_fifth-b496d50390b32fac779c65c292e3b8b4 sc-av_four_fifth av-equal-height-column-flextable'>\n<style type=\"text\/css\" data-created_by=\"avia_inline_auto\" id=\"style-css-av-av_four_fifth-b496d50390b32fac779c65c292e3b8b4\">\n.flex_column.av-av_four_fifth-b496d50390b32fac779c65c292e3b8b4{\nborder-radius:0px 0px 0px 0px;\npadding:40px 20px 20px 20px;\nbackground-color:#1a478d;\n}\n<\/style>\n<div  class='flex_column av-av_four_fifth-b496d50390b32fac779c65c292e3b8b4 av_four_fifth  avia-builder-el-0  el_before_av_hr  avia-builder-el-first  first no_margin flex_column_table_cell av-equal-height-column av-align-top  '     ><p>\n<style type=\"text\/css\" data-created_by=\"avia_inline_auto\" id=\"style-css-av-av_heading-6e8fd6becd89f2cead393e8f21967e88\">\n#top .av-special-heading.av-av_heading-6e8fd6becd89f2cead393e8f21967e88{\npadding-bottom:10px;\ncolor:#ffffff;\n}\nbody .av-special-heading.av-av_heading-6e8fd6becd89f2cead393e8f21967e88 .av-special-heading-tag .heading-char{\nfont-size:25px;\n}\n.av-special-heading.av-av_heading-6e8fd6becd89f2cead393e8f21967e88 .special-heading-inner-border{\nborder-color:#ffffff;\n}\n.av-special-heading.av-av_heading-6e8fd6becd89f2cead393e8f21967e88 .av-subheading{\nfont-size:15px;\n}\n<\/style>\n<div  class='av-special-heading av-av_heading-6e8fd6becd89f2cead393e8f21967e88 av-special-heading-h2 custom-color-heading blockquote modern-quote  avia-builder-el-1  el_before_av_textblock  avia-builder-el-first '><h2 class='av-special-heading-tag'  itemprop=\"headline\"  >MACHINES \u00c0 SCELLER<\/h2><div class=\"special-heading-border\"><div class=\"special-heading-inner-border\"><\/div><\/div><\/div><br \/>\n\n<style type=\"text\/css\" data-created_by=\"avia_inline_auto\" id=\"style-css-av-av_textblock-dd2387397296c1a314b0b5f4a3f918a3\">\n#top .av_textblock_section.av-av_textblock-dd2387397296c1a314b0b5f4a3f918a3 .avia_textblock{\ncolor:#ffffff;\n}\n<\/style>\n<section  class='av_textblock_section av-av_textblock-dd2387397296c1a314b0b5f4a3f918a3 '   itemscope=\"itemscope\" itemtype=\"https:\/\/schema.org\/CreativeWork\" ><div class='avia_textblock av_inherit_color'  itemprop=\"text\" ><p>Machines manuelles faciles \u00e0 utiliser pour sceller les r\u00e9cipients des s\u00e9ries 41, 46 et 66<\/p>\n<\/div><\/section><\/p><\/div><\/div><!--close column table wrapper. Autoclose: 1 -->\n<style type=\"text\/css\" data-created_by=\"avia_inline_auto\" id=\"style-css-av-av_hr-4474f20d2389e2e5ecf918a02da5132e\">\n#top .hr.hr-invisible.av-av_hr-4474f20d2389e2e5ecf918a02da5132e{\nheight:50px;\n}\n<\/style>\n<div  class='hr av-av_hr-4474f20d2389e2e5ecf918a02da5132e hr-invisible  avia-builder-el-3  el_after_av_four_fifth  el_before_av_one_third '><span class='hr-inner '><span class=\"hr-inner-style\"><\/span><\/span><\/div><\/p>\n\n<style type=\"text\/css\" data-created_by=\"avia_inline_auto\" id=\"style-css-av-av_one_third-15d750bd1b332b34c6e70b077ebbccdf\">\n.flex_column.av-av_one_third-15d750bd1b332b34c6e70b077ebbccdf{\nborder-radius:0px 0px 0px 0px;\npadding:0px 0px 0px 0px;\n}\n<\/style>\n<div  class='flex_column av-av_one_third-15d750bd1b332b34c6e70b077ebbccdf av_one_third  avia-builder-el-4  el_after_av_hr  el_before_av_one_third  first flex_column_div av-zero-column-padding  '     ><p>\n<style type=\"text\/css\" data-created_by=\"avia_inline_auto\" id=\"style-css-av-av_heading-7f43062058f5771a1ca771fcc67cce13\">\n#top .av-special-heading.av-av_heading-7f43062058f5771a1ca771fcc67cce13{\npadding-bottom:10px;\n}\nbody .av-special-heading.av-av_heading-7f43062058f5771a1ca771fcc67cce13 .av-special-heading-tag .heading-char{\nfont-size:25px;\n}\n.av-special-heading.av-av_heading-7f43062058f5771a1ca771fcc67cce13 .av-subheading{\nfont-size:15px;\n}\n<\/style>\n<div  class='av-special-heading av-av_heading-7f43062058f5771a1ca771fcc67cce13 av-special-heading-h3 blockquote modern-quote  avia-builder-el-5  el_before_av_image  avia-builder-el-first '><h3 class='av-special-heading-tag'  itemprop=\"headline\"  >CMQ 46 0989 \/ CMQ 46 1450<\/h3><div class=\"special-heading-border\"><div class=\"special-heading-inner-border\"><\/div><\/div><\/div><br \/>\n\n<style type=\"text\/css\" data-created_by=\"avia_inline_auto\" id=\"style-css-av-av_image-01f732373a616c60be54afd63d2ce09e\">\n.avia-image-container.av-av_image-01f732373a616c60be54afd63d2ce09e img.avia_image{\nbox-shadow:none;\n}\n.avia-image-container.av-av_image-01f732373a616c60be54afd63d2ce09e .av-image-caption-overlay-center{\ncolor:#ffffff;\n}\n<\/style>\n<div  class='avia-image-container av-av_image-01f732373a616c60be54afd63d2ce09e av-styling-no-styling avia-align-left  avia-builder-el-6  el_after_av_heading  avia-builder-el-last '   itemprop=\"image\" itemscope=\"itemscope\" itemtype=\"https:\/\/schema.org\/ImageObject\" ><div class=\"avia-image-container-inner\"><div class=\"avia-image-overlay-wrap\"><img fetchpriority=\"high\" class='wp-image-940 avia-img-lazy-loading-not-940 avia_image ' src='https:\/\/alibericopackaging.com\/wp-content\/uploads\/2017\/11\/CMQ_46_0980_CM_46_1450.jpg.jpg' alt='' title='CMQ_46_0980_CM_46_1450.jpg'  height=\"282\" width=\"220\"  itemprop=\"thumbnailUrl\"  \/><\/div><\/div><\/div><\/p><\/div>\n\n<style type=\"text\/css\" data-created_by=\"avia_inline_auto\" id=\"style-css-av-av_one_third-c8fc129dc35fd1ae2a1e410224d39ea8\">\n.flex_column.av-av_one_third-c8fc129dc35fd1ae2a1e410224d39ea8{\nborder-radius:0px 0px 0px 0px;\npadding:0px 0px 0px 0px;\n}\n<\/style>\n<div  class='flex_column av-av_one_third-c8fc129dc35fd1ae2a1e410224d39ea8 av_one_third  avia-builder-el-7  el_after_av_one_third  el_before_av_one_third  flex_column_div av-zero-column-padding  '     ><p>\n<style type=\"text\/css\" data-created_by=\"avia_inline_auto\" id=\"style-css-av-av_heading-b3f9696e0b1986847e6795117fda17ce\">\n#top .av-special-heading.av-av_heading-b3f9696e0b1986847e6795117fda17ce{\npadding-bottom:10px;\n}\nbody .av-special-heading.av-av_heading-b3f9696e0b1986847e6795117fda17ce .av-special-heading-tag .heading-char{\nfont-size:25px;\n}\n.av-special-heading.av-av_heading-b3f9696e0b1986847e6795117fda17ce .av-subheading{\nfont-size:15px;\n}\n<\/style>\n<div  class='av-special-heading av-av_heading-b3f9696e0b1986847e6795117fda17ce av-special-heading-h3 blockquote modern-quote  avia-builder-el-8  el_before_av_image  avia-builder-el-first '><h3 class='av-special-heading-tag'  itemprop=\"headline\"  >CMQ 46 1900<\/h3><div class=\"special-heading-border\"><div class=\"special-heading-inner-border\"><\/div><\/div><\/div><br \/>\n\n<style type=\"text\/css\" data-created_by=\"avia_inline_auto\" id=\"style-css-av-av_image-d760539f11488a383b1e52ed06fb1cb1\">\n.avia-image-container.av-av_image-d760539f11488a383b1e52ed06fb1cb1 img.avia_image{\nbox-shadow:none;\n}\n.avia-image-container.av-av_image-d760539f11488a383b1e52ed06fb1cb1 .av-image-caption-overlay-center{\ncolor:#ffffff;\n}\n<\/style>\n<div  class='avia-image-container av-av_image-d760539f11488a383b1e52ed06fb1cb1 av-styling-no-styling avia-align-left  avia-builder-el-9  el_after_av_heading  avia-builder-el-last '   itemprop=\"image\" itemscope=\"itemscope\" itemtype=\"https:\/\/schema.org\/ImageObject\" ><div class=\"avia-image-container-inner\"><div class=\"avia-image-overlay-wrap\"><img fetchpriority=\"high\" class='wp-image-943 avia-img-lazy-loading-not-943 avia_image ' src='https:\/\/alibericopackaging.com\/wp-content\/uploads\/2017\/11\/CMQ_46_1900.jpg.jpg' alt='' title='CMQ_46_1900.jpg'  height=\"282\" width=\"220\"  itemprop=\"thumbnailUrl\"  \/><\/div><\/div><\/div><\/p><\/div>\n\n<style type=\"text\/css\" data-created_by=\"avia_inline_auto\" id=\"style-css-av-av_one_third-c8fc129dc35fd1ae2a1e410224d39ea8\">\n.flex_column.av-av_one_third-c8fc129dc35fd1ae2a1e410224d39ea8{\nborder-radius:0px 0px 0px 0px;\npadding:0px 0px 0px 0px;\n}\n<\/style>\n<div  class='flex_column av-av_one_third-c8fc129dc35fd1ae2a1e410224d39ea8 av_one_third  avia-builder-el-10  el_after_av_one_third  avia-builder-el-last  flex_column_div av-zero-column-padding  '     ><p>\n<style type=\"text\/css\" data-created_by=\"avia_inline_auto\" id=\"style-css-av-av_heading-698a120768dbcaa7a751a45bd99edad5\">\n#top .av-special-heading.av-av_heading-698a120768dbcaa7a751a45bd99edad5{\npadding-bottom:10px;\n}\nbody .av-special-heading.av-av_heading-698a120768dbcaa7a751a45bd99edad5 .av-special-heading-tag .heading-char{\nfont-size:25px;\n}\n.av-special-heading.av-av_heading-698a120768dbcaa7a751a45bd99edad5 .av-subheading{\nfont-size:15px;\n}\n<\/style>\n<div  class='av-special-heading av-av_heading-698a120768dbcaa7a751a45bd99edad5 av-special-heading-h3 blockquote modern-quote  avia-builder-el-11  el_before_av_image  avia-builder-el-first '><h3 class='av-special-heading-tag'  itemprop=\"headline\"  >CMQ 66 1900<\/h3><div class=\"special-heading-border\"><div class=\"special-heading-inner-border\"><\/div><\/div><\/div><br \/>\n\n<style type=\"text\/css\" data-created_by=\"avia_inline_auto\" id=\"style-css-av-av_image-452b566ed55f80bb834b6f46ef225ae0\">\n.avia-image-container.av-av_image-452b566ed55f80bb834b6f46ef225ae0 img.avia_image{\nbox-shadow:none;\n}\n.avia-image-container.av-av_image-452b566ed55f80bb834b6f46ef225ae0 .av-image-caption-overlay-center{\ncolor:#ffffff;\n}\n<\/style>\n<div  class='avia-image-container av-av_image-452b566ed55f80bb834b6f46ef225ae0 av-styling-no-styling avia-align-left  avia-builder-el-12  el_after_av_heading  avia-builder-el-last '   itemprop=\"image\" itemscope=\"itemscope\" itemtype=\"https:\/\/schema.org\/ImageObject\" ><div class=\"avia-image-container-inner\"><div class=\"avia-image-overlay-wrap\"><img fetchpriority=\"high\" class='wp-image-946 avia-img-lazy-loading-not-946 avia_image ' src='https:\/\/alibericopackaging.com\/wp-content\/uploads\/2017\/11\/CMQ_66_1900.jpg.jpg' alt='' title='CMQ_66_1900.jpg'  height=\"282\" width=\"220\"  itemprop=\"thumbnailUrl\"  \/><\/div><\/div><\/div><\/p><\/div>\n","protected":false},"excerpt":{"rendered":"","protected":false},"author":4,"featured_media":0,"parent":1576,"menu_order":0,"comment_status":"closed","ping_status":"closed","template":"","meta":{"footnotes":""},"class_list":["post-1578","page","type-page","status-publish","hentry"],"_links":{"self":[{"href":"https:\/\/alibericopackaging.com\/fr\/wp-json\/wp\/v2\/pages\/1578","targetHints":{"allow":["GET"]}}],"collection":[{"href":"https:\/\/alibericopackaging.com\/fr\/wp-json\/wp\/v2\/pages"}],"about":[{"href":"https:\/\/alibericopackaging.com\/fr\/wp-json\/wp\/v2\/types\/page"}],"author":[{"embeddable":true,"href":"https:\/\/alibericopackaging.com\/fr\/wp-json\/wp\/v2\/users\/4"}],"replies":[{"embeddable":true,"href":"https:\/\/alibericopackaging.com\/fr\/wp-json\/wp\/v2\/comments?post=1578"}],"version-history":[{"count":1,"href":"https:\/\/alibericopackaging.com\/fr\/wp-json\/wp\/v2\/pages\/1578\/revisions"}],"predecessor-version":[{"id":1579,"href":"https:\/\/alibericopackaging.com\/fr\/wp-json\/wp\/v2\/pages\/1578\/revisions\/1579"}],"up":[{"embeddable":true,"href":"https:\/\/alibericopackaging.com\/fr\/wp-json\/wp\/v2\/pages\/1576"}],"wp:attachment":[{"href":"https:\/\/alibericopackaging.com\/fr\/wp-json\/wp\/v2\/media?parent=1578"}],"curies":[{"name":"wp","href":"https:\/\/api.w.org\/{rel}","templated":true}]}}